{"id":1195,"date":"2024-01-24T00:24:39","date_gmt":"2024-01-23T23:24:39","guid":{"rendered":"https:\/\/aquamaze.hu\/?page_id=1195"},"modified":"2024-01-26T20:32:51","modified_gmt":"2024-01-26T19:32:51","slug":"impresszum","status":"publish","type":"page","link":"https:\/\/aquamaze.hu\/en\/impresszum\/","title":{"rendered":"Impressum"},"content":{"rendered":"<div class=\"wp-block-cover alignfull\" style=\"min-height:600px;aspect-ratio:unset;\"><span aria-hidden=\"true\" class=\"wp-block-cover__background has-nv-light-bg-background-color has-background-dim-100 has-background-dim\"><\/span><div class=\"wp-block-cover__inner-container is-layout-flow wp-block-cover-is-layout-flow\">\n<div class=\"wp-block-group\"><div class=\"wp-block-group__inner-container is-layout-flow wp-block-group-is-layout-flow\">\n<div style=\"height:50px\" aria-hidden=\"true\" class=\"wp-block-spacer\"><\/div>\n\n\n\n<div class=\"wp-block-columns is-layout-flex wp-container-core-columns-is-layout-9d6595d7 wp-block-columns-is-layout-flex\">\n<div class=\"wp-block-column is-vertically-aligned-center has-neve-text-color-color has-text-color is-layout-flow wp-block-column-is-layout-flow\" style=\"flex-basis:50%\">\n<div style=\"height:100px\" aria-hidden=\"true\" class=\"wp-block-spacer\"><\/div>\n\n\n<div class=\"wp-block-image is-style-rounded\">\n<figure class=\"aligncenter size-full is-resized\"><img loading=\"lazy\" decoding=\"async\" width=\"750\" height=\"750\" src=\"https:\/\/aquamaze.hu\/wp-content\/uploads\/2023\/10\/site_icon.png\" alt=\"\" class=\"wp-image-959\" style=\"width:400px;height:auto\" srcset=\"https:\/\/aquamaze.hu\/wp-content\/uploads\/2023\/10\/site_icon.png 750w, https:\/\/aquamaze.hu\/wp-content\/uploads\/2023\/10\/site_icon-300x300.png 300w, https:\/\/aquamaze.hu\/wp-content\/uploads\/2023\/10\/site_icon-150x150.png 150w, https:\/\/aquamaze.hu\/wp-content\/uploads\/2023\/10\/site_icon-12x12.png 12w\" sizes=\"auto, (max-width: 750px) 100vw, 750px\" \/><\/figure>\n<\/div><\/div>\n\n\n\n<div class=\"wp-block-column has-neve-text-color-color has-text-color has-link-color wp-elements-02f136358e323007b649ec99d307a66d is-layout-flow wp-block-column-is-layout-flow\" style=\"flex-basis:50%\">\n<h2 class=\"wp-block-heading has-text-align-center has-neve-text-color-color has-text-color\">Impressum<\/h2>\n\n\n\n<p class=\"has-text-align-center has-neve-text-color-color has-text-color has-link-color wp-elements-42ee34452dd82276034c508bb88ed7de translation-block\" style=\"text-decoration:none\"><strong>Service provider:<\/strong><br>Aquamaze Szolg\u00e1ltat\u00f3 Bet\u00e9ti T\u00e1rsas\u00e1g<\/p>\n\n\n\n<p class=\"has-text-align-center has-neve-text-color-color has-text-color has-link-color wp-elements-a73ad7efe581d339f94c3dd1261ef2d3 translation-block\"><strong>Seat and mailing address:<\/strong><br>1014 Budapest, \u00dari utca 10. I. em. 15.<\/p>\n\n\n\n<p class=\"has-text-align-center has-neve-text-color-color has-text-color has-link-color wp-elements-13234a3586f20a35c348545465c6e71d translation-block\"><strong>Contact:<\/strong><br>Sales and Customer Service<br>Email: info@aquamaze.hu<br>Phone: +36 (30) 624 0347<\/p>\n\n\n\n<p class=\"has-text-align-center has-neve-text-color-color has-text-color has-link-color wp-elements-45a8076ced2429d593a06fdbda59fd63\"><strong>Company Registry number:<\/strong><br>01-06-798088<\/p>\n\n\n\n<p class=\"has-text-align-center has-neve-text-color-color has-text-color has-link-color wp-elements-d27c37b1535084c2a4259ad2b5f2731d\"><strong>Tax number:<\/strong><br>32386840-1-41<\/p>\n<\/div>\n<\/div>\n\n\n\n<div style=\"height:50px\" aria-hidden=\"true\" class=\"wp-block-spacer\"><\/div>\n<\/div><\/div>\n<\/div><\/div>","protected":false},"excerpt":{"rendered":"","protected":false},"author":1,"featured_media":0,"parent":0,"menu_order":0,"comment_status":"closed","ping_status":"closed","template":"","meta":{"neve_meta_sidebar":"default","neve_meta_container":"","neve_meta_enable_content_width":"on","neve_meta_content_width":100,"neve_meta_title_alignment":"","neve_meta_author_avatar":"","neve_post_elements_order":"","neve_meta_disable_header":"","neve_meta_disable_footer":"","neve_meta_disable_title":"on","neve_meta_reading_time":"","_themeisle_gutenberg_block_has_review":false,"footnotes":""},"class_list":["post-1195","page","type-page","status-publish","hentry"],"yoast_head":"<!-- This site is optimized with the Yoast SEO plugin v27.4 - https:\/\/yoast.com\/product\/yoast-seo-wordpress\/ -->\n<title>Aquamaze - Impresszum<\/title>\n<meta name=\"description\" content=\"Aqua fitness uszodai szolg\u00e1ltat\u00e1sok ter\u00e9n az AquaMaze Magyarorsz\u00e1gon a legjobb.\" \/>\n<meta name=\"robots\" content=\"index, follow, max-snippet:-1, max-image-preview:large, max-video-preview:-1\" \/>\n<link rel=\"canonical\" href=\"https:\/\/aquamaze.hu\/en\/impresszum\/\" \/>\n<meta property=\"og:locale\" content=\"en_GB\" \/>\n<meta property=\"og:type\" content=\"article\" \/>\n<meta property=\"og:title\" content=\"Aquamaze - Impresszum\" \/>\n<meta property=\"og:description\" content=\"Aqua fitness uszodai szolg\u00e1ltat\u00e1sok ter\u00e9n az AquaMaze Magyarorsz\u00e1gon a legjobb.\" \/>\n<meta property=\"og:url\" content=\"https:\/\/aquamaze.hu\/en\/impresszum\/\" \/>\n<meta property=\"og:site_name\" content=\"Aquamaze\" \/>\n<meta property=\"article:modified_time\" content=\"2024-01-26T19:32:51+00:00\" \/>\n<meta property=\"og:image\" content=\"https:\/\/aquamaze.hu\/wp-content\/uploads\/2023\/10\/site_icon.png\" \/>\n<meta name=\"twitter:card\" content=\"summary_large_image\" \/>\n<meta name=\"twitter:label1\" content=\"Estimated reading time\" \/>\n\t<meta name=\"twitter:data1\" content=\"1 minute\" \/>\n<script type=\"application\/ld+json\" class=\"yoast-schema-graph\">{\"@context\":\"https:\\\/\\\/schema.org\",\"@graph\":[{\"@type\":\"WebPage\",\"@id\":\"https:\\\/\\\/aquamaze.hu\\\/impresszum\\\/\",\"url\":\"https:\\\/\\\/aquamaze.hu\\\/impresszum\\\/\",\"name\":\"Aquamaze - Impresszum\",\"isPartOf\":{\"@id\":\"https:\\\/\\\/aquamaze.hu\\\/#website\"},\"primaryImageOfPage\":{\"@id\":\"https:\\\/\\\/aquamaze.hu\\\/impresszum\\\/#primaryimage\"},\"image\":{\"@id\":\"https:\\\/\\\/aquamaze.hu\\\/impresszum\\\/#primaryimage\"},\"thumbnailUrl\":\"https:\\\/\\\/aquamaze.hu\\\/wp-content\\\/uploads\\\/2023\\\/10\\\/site_icon.png\",\"datePublished\":\"2024-01-23T23:24:39+00:00\",\"dateModified\":\"2024-01-26T19:32:51+00:00\",\"description\":\"Aqua fitness uszodai szolg\u00e1ltat\u00e1sok ter\u00e9n az AquaMaze Magyarorsz\u00e1gon a legjobb.\",\"breadcrumb\":{\"@id\":\"https:\\\/\\\/aquamaze.hu\\\/impresszum\\\/#breadcrumb\"},\"inLanguage\":\"en-GB\",\"potentialAction\":[{\"@type\":\"ReadAction\",\"target\":[\"https:\\\/\\\/aquamaze.hu\\\/impresszum\\\/\"]}]},{\"@type\":\"ImageObject\",\"inLanguage\":\"en-GB\",\"@id\":\"https:\\\/\\\/aquamaze.hu\\\/impresszum\\\/#primaryimage\",\"url\":\"https:\\\/\\\/aquamaze.hu\\\/wp-content\\\/uploads\\\/2023\\\/10\\\/site_icon.png\",\"contentUrl\":\"https:\\\/\\\/aquamaze.hu\\\/wp-content\\\/uploads\\\/2023\\\/10\\\/site_icon.png\"},{\"@type\":\"BreadcrumbList\",\"@id\":\"https:\\\/\\\/aquamaze.hu\\\/impresszum\\\/#breadcrumb\",\"itemListElement\":[{\"@type\":\"ListItem\",\"position\":1,\"name\":\"Home\",\"item\":\"https:\\\/\\\/aquamaze.hu\\\/\"},{\"@type\":\"ListItem\",\"position\":2,\"name\":\"Impresszum\"}]},{\"@type\":\"WebSite\",\"@id\":\"https:\\\/\\\/aquamaze.hu\\\/#website\",\"url\":\"https:\\\/\\\/aquamaze.hu\\\/\",\"name\":\"Aquamaze\",\"description\":\"\",\"publisher\":{\"@id\":\"https:\\\/\\\/aquamaze.hu\\\/#organization\"},\"potentialAction\":[{\"@type\":\"SearchAction\",\"target\":{\"@type\":\"EntryPoint\",\"urlTemplate\":\"https:\\\/\\\/aquamaze.hu\\\/?s={search_term_string}\"},\"query-input\":{\"@type\":\"PropertyValueSpecification\",\"valueRequired\":true,\"valueName\":\"search_term_string\"}}],\"inLanguage\":\"en-GB\"},{\"@type\":\"Organization\",\"@id\":\"https:\\\/\\\/aquamaze.hu\\\/#organization\",\"name\":\"Aquamaze\",\"url\":\"https:\\\/\\\/aquamaze.hu\\\/\",\"logo\":{\"@type\":\"ImageObject\",\"inLanguage\":\"en-GB\",\"@id\":\"https:\\\/\\\/aquamaze.hu\\\/#\\\/schema\\\/logo\\\/image\\\/\",\"url\":\"https:\\\/\\\/aquamaze.hu\\\/wp-content\\\/uploads\\\/2023\\\/09\\\/logo-scaled.jpg\",\"contentUrl\":\"https:\\\/\\\/aquamaze.hu\\\/wp-content\\\/uploads\\\/2023\\\/09\\\/logo-scaled.jpg\",\"width\":2560,\"height\":2560,\"caption\":\"Aquamaze\"},\"image\":{\"@id\":\"https:\\\/\\\/aquamaze.hu\\\/#\\\/schema\\\/logo\\\/image\\\/\"}}]}<\/script>\n<!-- \/ Yoast SEO plugin. -->","yoast_head_json":{"title":"Aquamaze - Impresszum","description":"Aqua fitness uszodai szolg\u00e1ltat\u00e1sok ter\u00e9n az AquaMaze Magyarorsz\u00e1gon a legjobb.","robots":{"index":"index","follow":"follow","max-snippet":"max-snippet:-1","max-image-preview":"max-image-preview:large","max-video-preview":"max-video-preview:-1"},"canonical":"https:\/\/aquamaze.hu\/en\/impresszum\/","og_locale":"en_GB","og_type":"article","og_title":"Aquamaze - Impresszum","og_description":"Aqua fitness uszodai szolg\u00e1ltat\u00e1sok ter\u00e9n az AquaMaze Magyarorsz\u00e1gon a legjobb.","og_url":"https:\/\/aquamaze.hu\/en\/impresszum\/","og_site_name":"Aquamaze","article_modified_time":"2024-01-26T19:32:51+00:00","og_image":[{"url":"https:\/\/aquamaze.hu\/wp-content\/uploads\/2023\/10\/site_icon.png","type":"","width":"","height":""}],"twitter_card":"summary_large_image","twitter_misc":{"Estimated reading time":"1 minute"},"schema":{"@context":"https:\/\/schema.org","@graph":[{"@type":"WebPage","@id":"https:\/\/aquamaze.hu\/impresszum\/","url":"https:\/\/aquamaze.hu\/impresszum\/","name":"Aquamaze - Impresszum","isPartOf":{"@id":"https:\/\/aquamaze.hu\/#website"},"primaryImageOfPage":{"@id":"https:\/\/aquamaze.hu\/impresszum\/#primaryimage"},"image":{"@id":"https:\/\/aquamaze.hu\/impresszum\/#primaryimage"},"thumbnailUrl":"https:\/\/aquamaze.hu\/wp-content\/uploads\/2023\/10\/site_icon.png","datePublished":"2024-01-23T23:24:39+00:00","dateModified":"2024-01-26T19:32:51+00:00","description":"Aqua fitness uszodai szolg\u00e1ltat\u00e1sok ter\u00e9n az AquaMaze Magyarorsz\u00e1gon a legjobb.","breadcrumb":{"@id":"https:\/\/aquamaze.hu\/impresszum\/#breadcrumb"},"inLanguage":"en-GB","potentialAction":[{"@type":"ReadAction","target":["https:\/\/aquamaze.hu\/impresszum\/"]}]},{"@type":"ImageObject","inLanguage":"en-GB","@id":"https:\/\/aquamaze.hu\/impresszum\/#primaryimage","url":"https:\/\/aquamaze.hu\/wp-content\/uploads\/2023\/10\/site_icon.png","contentUrl":"https:\/\/aquamaze.hu\/wp-content\/uploads\/2023\/10\/site_icon.png"},{"@type":"BreadcrumbList","@id":"https:\/\/aquamaze.hu\/impresszum\/#breadcrumb","itemListElement":[{"@type":"ListItem","position":1,"name":"Home","item":"https:\/\/aquamaze.hu\/"},{"@type":"ListItem","position":2,"name":"Impresszum"}]},{"@type":"WebSite","@id":"https:\/\/aquamaze.hu\/#website","url":"https:\/\/aquamaze.hu\/","name":"Aquamaze","description":"","publisher":{"@id":"https:\/\/aquamaze.hu\/#organization"},"potentialAction":[{"@type":"SearchAction","target":{"@type":"EntryPoint","urlTemplate":"https:\/\/aquamaze.hu\/?s={search_term_string}"},"query-input":{"@type":"PropertyValueSpecification","valueRequired":true,"valueName":"search_term_string"}}],"inLanguage":"en-GB"},{"@type":"Organization","@id":"https:\/\/aquamaze.hu\/#organization","name":"Aquamaze","url":"https:\/\/aquamaze.hu\/","logo":{"@type":"ImageObject","inLanguage":"en-GB","@id":"https:\/\/aquamaze.hu\/#\/schema\/logo\/image\/","url":"https:\/\/aquamaze.hu\/wp-content\/uploads\/2023\/09\/logo-scaled.jpg","contentUrl":"https:\/\/aquamaze.hu\/wp-content\/uploads\/2023\/09\/logo-scaled.jpg","width":2560,"height":2560,"caption":"Aquamaze"},"image":{"@id":"https:\/\/aquamaze.hu\/#\/schema\/logo\/image\/"}}]}},"_links":{"self":[{"href":"https:\/\/aquamaze.hu\/en\/wp-json\/wp\/v2\/pages\/1195","targetHints":{"allow":["GET"]}}],"collection":[{"href":"https:\/\/aquamaze.hu\/en\/wp-json\/wp\/v2\/pages"}],"about":[{"href":"https:\/\/aquamaze.hu\/en\/wp-json\/wp\/v2\/types\/page"}],"author":[{"embeddable":true,"href":"https:\/\/aquamaze.hu\/en\/wp-json\/wp\/v2\/users\/1"}],"replies":[{"embeddable":true,"href":"https:\/\/aquamaze.hu\/en\/wp-json\/wp\/v2\/comments?post=1195"}],"version-history":[{"count":0,"href":"https:\/\/aquamaze.hu\/en\/wp-json\/wp\/v2\/pages\/1195\/revisions"}],"wp:attachment":[{"href":"https:\/\/aquamaze.hu\/en\/wp-json\/wp\/v2\/media?parent=1195"}],"curies":[{"name":"wp","href":"https:\/\/api.w.org\/{rel}","templated":true}]}}