{"id":1941,"date":"2025-11-27T11:18:44","date_gmt":"2025-11-27T10:18:44","guid":{"rendered":"https:\/\/aquamaze.hu\/?page_id=1941"},"modified":"2025-11-29T09:57:25","modified_gmt":"2025-11-29T08:57:25","slug":"karacsonyi-ajandekkartya","status":"publish","type":"page","link":"https:\/\/aquamaze.hu\/en\/karacsonyi-ajandekkartya\/","title":{"rendered":"Christmas Gift Card"},"content":{"rendered":"<div class=\"wp-block-cover alignfull\" style=\"min-height:600px;aspect-ratio:unset;\"><span aria-hidden=\"true\" class=\"wp-block-cover__background has-nv-light-bg-background-color has-background-dim-100 has-background-dim\"><\/span><div class=\"wp-block-cover__inner-container is-layout-flow wp-block-cover-is-layout-flow\">\n<div class=\"wp-block-group\"><div class=\"wp-block-group__inner-container is-layout-flow wp-block-group-is-layout-flow\">\n<div style=\"height:50px\" aria-hidden=\"true\" class=\"wp-block-spacer\"><\/div>\n\n\n\n<p class=\"has-text-align-center has-neve-text-color-color has-text-color has-link-color wp-elements-90c2eba22e88e10c5b55edf1d43459a5 translation-block\">Are you looking for the perfect Christmas present for your loved ones, friends, or perhaps\nfor your business partners and colleagues?<br>\nGive them the gift of experience, health, movement, and motivation this Christmas!<\/p>\n\n\n\n<h2 class=\"wp-block-heading has-text-align-center has-neve-text-color-color has-text-color has-link-color wp-elements-8ee209c1522778802200b4deab8323a6\"><strong>Aquamaze Christmas Gift Card<\/strong><\/h2>\n\n\n\n<p class=\"has-text-align-center has-neve-text-color-color has-text-color has-link-color wp-elements-0ea8d7058ddc08e5e5ae387ccd72091b translation-block\">\u2013 easy to request,<br>\u2013 a personalized present (but transferable),<br>\u2013 available in any chosen amount,<br>\u2013 can be redeemed for any Aquamaze program or training session until the end of 2026.<\/p>\n\n\n\n<div class=\"wp-block-columns is-layout-flex wp-container-core-columns-is-layout-9d6595d7 wp-block-columns-is-layout-flex\">\n<div class=\"wp-block-column is-layout-flow wp-block-column-is-layout-flow\" style=\"flex-basis:25%\"><\/div>\n\n\n\n<div class=\"wp-block-column is-layout-flow wp-block-column-is-layout-flow\" style=\"flex-basis:50%\">\n<figure class=\"wp-block-image size-full\"><img loading=\"lazy\" decoding=\"async\" width=\"874\" height=\"621\" src=\"https:\/\/aquamaze.hu\/wp-content\/uploads\/2025\/11\/White-And-Brown-Floral-Christmas-Gift-Certificate-8_page-0001.jpg\" alt=\"\" class=\"wp-image-1942\" srcset=\"https:\/\/aquamaze.hu\/wp-content\/uploads\/2025\/11\/White-And-Brown-Floral-Christmas-Gift-Certificate-8_page-0001.jpg 874w, https:\/\/aquamaze.hu\/wp-content\/uploads\/2025\/11\/White-And-Brown-Floral-Christmas-Gift-Certificate-8_page-0001-300x213.jpg 300w, https:\/\/aquamaze.hu\/wp-content\/uploads\/2025\/11\/White-And-Brown-Floral-Christmas-Gift-Certificate-8_page-0001-768x546.jpg 768w, https:\/\/aquamaze.hu\/wp-content\/uploads\/2025\/11\/White-And-Brown-Floral-Christmas-Gift-Certificate-8_page-0001-18x12.jpg 18w\" sizes=\"auto, (max-width: 874px) 100vw, 874px\" \/><\/figure>\n<\/div>\n\n\n\n<div class=\"wp-block-column is-layout-flow wp-block-column-is-layout-flow\" style=\"flex-basis:25%\"><\/div>\n<\/div>\n\n\n\n<p class=\"has-neve-text-color-color has-text-color has-link-color wp-elements-9eaf2a43333fbec59b1a7f2ba606cb3c\"><strong>How to request and order your gift card:<\/strong><\/p>\n\n\n\n<ol class=\"wp-block-list has-neve-text-color-color has-text-color has-link-color wp-elements-67c2dadc50d4a7b20f428a2104022ed2\">\n<li>Send us an email to <a href=\"mailto:info@aquamaze.hu\">info@aquamaze.hu<\/a> with the following details (these will appear on\nthe gift card):\n<ul class=\"wp-block-list\">\n<li>Recipient (the person you want to give the card to):<\/li>\n\n\n\n<li>Gifted by (your name or your company\u2019s name):<\/li>\n\n\n\n<li>Value of the gift card:<\/li>\n<\/ul>\n<\/li>\n\n\n\n<li>Once we receive your order, we will send a reply within 24 hours with the payment\ndetails.<\/li>\n\n\n\n<li>Transfer the value of the requested gift card to the Aquamaze bank account according to\nthe payment details provided in the email.<\/li>\n\n\n\n<li>Within 24 hours after receiving your payment, we will send you the personalized\nAquamaze Christmas Gift Card with its unique ID via email.<\/li>\n<\/ol>\n\n\n\n<p class=\"has-neve-text-color-color has-text-color has-link-color wp-elements-5bb0328e9e298743dbfe6e96777d79f9\"><strong>How to redeem your Gift Card:<\/strong><\/p>\n\n\n\n<ul class=\"wp-block-list has-neve-text-color-color has-text-color has-link-color wp-elements-5b443acbee4c5b9610cc8620915f8182\">\n<li>The amount on the purchased gift card can be redeemed for any Aquamaze program, pass,\nor single training session tickets until 31 December 2026.<\/li>\n\n\n\n<li>When registering for any Aquamaze program or training session, the recipient\u2019s name and\nthe gift card ID number must be provided if our guest wishes to pay, fully or partially, with\nthe gift card.<\/li>\n\n\n\n<li>If the recipient can not use the gift card themselves, they may transfer it to another person.\nIn this case, please provide us the new name before the card would be redeemed.<\/li>\n<\/ul>\n\n\n\n<p class=\"has-neve-text-color-color has-text-color has-link-color wp-elements-ec7607ce926f472e32c393452805970d\"><em>We wish you a Merry Christmas, filled with love and good health!<\/em><br><br><em>The Aquamaze Team<\/em><\/p>\n\n\n\n<div style=\"height:50px\" aria-hidden=\"true\" class=\"wp-block-spacer\"><\/div>\n<\/div><\/div>\n<\/div><\/div>","protected":false},"excerpt":{"rendered":"","protected":false},"author":1,"featured_media":0,"parent":0,"menu_order":0,"comment_status":"closed","ping_status":"closed","template":"","meta":{"neve_meta_sidebar":"default","neve_meta_container":"default","neve_meta_enable_content_width":"on","neve_meta_content_width":100,"neve_meta_title_alignment":"","neve_meta_author_avatar":"","neve_post_elements_order":"","neve_meta_disable_header":"","neve_meta_disable_footer":"","neve_meta_disable_title":"on","neve_meta_reading_time":"","_themeisle_gutenberg_block_has_review":false,"footnotes":""},"class_list":["post-1941","page","type-page","status-publish","hentry"],"yoast_head":"<!-- This site is optimized with the Yoast SEO plugin v27.4 - https:\/\/yoast.com\/product\/yoast-seo-wordpress\/ -->\n<title>Aquamaze - Kar\u00e1csonyi Aj\u00e1nd\u00e9kk\u00e1rtya<\/title>\n<meta name=\"description\" content=\"Aqua fitness uszodai szolg\u00e1ltat\u00e1sok ter\u00e9n az AquaMaze Magyarorsz\u00e1gon a legjobb.\" \/>\n<meta name=\"robots\" content=\"index, follow, max-snippet:-1, max-image-preview:large, max-video-preview:-1\" \/>\n<link rel=\"canonical\" href=\"https:\/\/aquamaze.hu\/en\/karacsonyi-ajandekkartya\/\" \/>\n<meta property=\"og:locale\" content=\"en_GB\" \/>\n<meta property=\"og:type\" content=\"article\" \/>\n<meta property=\"og:title\" content=\"Aquamaze - Kar\u00e1csonyi Aj\u00e1nd\u00e9kk\u00e1rtya\" \/>\n<meta property=\"og:description\" content=\"Aqua fitness uszodai szolg\u00e1ltat\u00e1sok ter\u00e9n az AquaMaze Magyarorsz\u00e1gon a legjobb.\" \/>\n<meta property=\"og:url\" content=\"https:\/\/aquamaze.hu\/en\/karacsonyi-ajandekkartya\/\" \/>\n<meta property=\"og:site_name\" content=\"Aquamaze\" \/>\n<meta property=\"article:modified_time\" content=\"2025-11-29T08:57:25+00:00\" \/>\n<meta property=\"og:image\" content=\"https:\/\/aquamaze.hu\/wp-content\/uploads\/2025\/11\/White-And-Brown-Floral-Christmas-Gift-Certificate-8_page-0001.jpg\" \/>\n\t<meta property=\"og:image:width\" content=\"874\" \/>\n\t<meta property=\"og:image:height\" content=\"621\" \/>\n\t<meta property=\"og:image:type\" content=\"image\/jpeg\" \/>\n<meta name=\"twitter:card\" content=\"summary_large_image\" \/>\n<meta name=\"twitter:label1\" content=\"Estimated reading time\" \/>\n\t<meta name=\"twitter:data1\" content=\"2 minutes\" \/>\n<script type=\"application\/ld+json\" class=\"yoast-schema-graph\">{\"@context\":\"https:\\\/\\\/schema.org\",\"@graph\":[{\"@type\":\"WebPage\",\"@id\":\"https:\\\/\\\/aquamaze.hu\\\/karacsonyi-ajandekkartya\\\/\",\"url\":\"https:\\\/\\\/aquamaze.hu\\\/karacsonyi-ajandekkartya\\\/\",\"name\":\"Aquamaze - Kar\u00e1csonyi Aj\u00e1nd\u00e9kk\u00e1rtya\",\"isPartOf\":{\"@id\":\"https:\\\/\\\/aquamaze.hu\\\/#website\"},\"primaryImageOfPage\":{\"@id\":\"https:\\\/\\\/aquamaze.hu\\\/karacsonyi-ajandekkartya\\\/#primaryimage\"},\"image\":{\"@id\":\"https:\\\/\\\/aquamaze.hu\\\/karacsonyi-ajandekkartya\\\/#primaryimage\"},\"thumbnailUrl\":\"https:\\\/\\\/aquamaze.hu\\\/wp-content\\\/uploads\\\/2025\\\/11\\\/White-And-Brown-Floral-Christmas-Gift-Certificate-8_page-0001.jpg\",\"datePublished\":\"2025-11-27T10:18:44+00:00\",\"dateModified\":\"2025-11-29T08:57:25+00:00\",\"description\":\"Aqua fitness uszodai szolg\u00e1ltat\u00e1sok ter\u00e9n az AquaMaze Magyarorsz\u00e1gon a legjobb.\",\"breadcrumb\":{\"@id\":\"https:\\\/\\\/aquamaze.hu\\\/karacsonyi-ajandekkartya\\\/#breadcrumb\"},\"inLanguage\":\"en-GB\",\"potentialAction\":[{\"@type\":\"ReadAction\",\"target\":[\"https:\\\/\\\/aquamaze.hu\\\/karacsonyi-ajandekkartya\\\/\"]}]},{\"@type\":\"ImageObject\",\"inLanguage\":\"en-GB\",\"@id\":\"https:\\\/\\\/aquamaze.hu\\\/karacsonyi-ajandekkartya\\\/#primaryimage\",\"url\":\"https:\\\/\\\/aquamaze.hu\\\/wp-content\\\/uploads\\\/2025\\\/11\\\/White-And-Brown-Floral-Christmas-Gift-Certificate-8_page-0001.jpg\",\"contentUrl\":\"https:\\\/\\\/aquamaze.hu\\\/wp-content\\\/uploads\\\/2025\\\/11\\\/White-And-Brown-Floral-Christmas-Gift-Certificate-8_page-0001.jpg\"},{\"@type\":\"BreadcrumbList\",\"@id\":\"https:\\\/\\\/aquamaze.hu\\\/karacsonyi-ajandekkartya\\\/#breadcrumb\",\"itemListElement\":[{\"@type\":\"ListItem\",\"position\":1,\"name\":\"Home\",\"item\":\"https:\\\/\\\/aquamaze.hu\\\/\"},{\"@type\":\"ListItem\",\"position\":2,\"name\":\"Kar\u00e1csonyi Aj\u00e1nd\u00e9kk\u00e1rtya\"}]},{\"@type\":\"WebSite\",\"@id\":\"https:\\\/\\\/aquamaze.hu\\\/#website\",\"url\":\"https:\\\/\\\/aquamaze.hu\\\/\",\"name\":\"Aquamaze\",\"description\":\"\",\"publisher\":{\"@id\":\"https:\\\/\\\/aquamaze.hu\\\/#organization\"},\"potentialAction\":[{\"@type\":\"SearchAction\",\"target\":{\"@type\":\"EntryPoint\",\"urlTemplate\":\"https:\\\/\\\/aquamaze.hu\\\/?s={search_term_string}\"},\"query-input\":{\"@type\":\"PropertyValueSpecification\",\"valueRequired\":true,\"valueName\":\"search_term_string\"}}],\"inLanguage\":\"en-GB\"},{\"@type\":\"Organization\",\"@id\":\"https:\\\/\\\/aquamaze.hu\\\/#organization\",\"name\":\"Aquamaze\",\"url\":\"https:\\\/\\\/aquamaze.hu\\\/\",\"logo\":{\"@type\":\"ImageObject\",\"inLanguage\":\"en-GB\",\"@id\":\"https:\\\/\\\/aquamaze.hu\\\/#\\\/schema\\\/logo\\\/image\\\/\",\"url\":\"https:\\\/\\\/aquamaze.hu\\\/wp-content\\\/uploads\\\/2023\\\/09\\\/logo-scaled.jpg\",\"contentUrl\":\"https:\\\/\\\/aquamaze.hu\\\/wp-content\\\/uploads\\\/2023\\\/09\\\/logo-scaled.jpg\",\"width\":2560,\"height\":2560,\"caption\":\"Aquamaze\"},\"image\":{\"@id\":\"https:\\\/\\\/aquamaze.hu\\\/#\\\/schema\\\/logo\\\/image\\\/\"}}]}<\/script>\n<!-- \/ Yoast SEO plugin. -->","yoast_head_json":{"title":"Aquamaze - Kar\u00e1csonyi Aj\u00e1nd\u00e9kk\u00e1rtya","description":"Aqua fitness uszodai szolg\u00e1ltat\u00e1sok ter\u00e9n az AquaMaze Magyarorsz\u00e1gon a legjobb.","robots":{"index":"index","follow":"follow","max-snippet":"max-snippet:-1","max-image-preview":"max-image-preview:large","max-video-preview":"max-video-preview:-1"},"canonical":"https:\/\/aquamaze.hu\/en\/karacsonyi-ajandekkartya\/","og_locale":"en_GB","og_type":"article","og_title":"Aquamaze - Kar\u00e1csonyi Aj\u00e1nd\u00e9kk\u00e1rtya","og_description":"Aqua fitness uszodai szolg\u00e1ltat\u00e1sok ter\u00e9n az AquaMaze Magyarorsz\u00e1gon a legjobb.","og_url":"https:\/\/aquamaze.hu\/en\/karacsonyi-ajandekkartya\/","og_site_name":"Aquamaze","article_modified_time":"2025-11-29T08:57:25+00:00","og_image":[{"width":874,"height":621,"url":"https:\/\/aquamaze.hu\/wp-content\/uploads\/2025\/11\/White-And-Brown-Floral-Christmas-Gift-Certificate-8_page-0001.jpg","type":"image\/jpeg"}],"twitter_card":"summary_large_image","twitter_misc":{"Estimated reading time":"2 minutes"},"schema":{"@context":"https:\/\/schema.org","@graph":[{"@type":"WebPage","@id":"https:\/\/aquamaze.hu\/karacsonyi-ajandekkartya\/","url":"https:\/\/aquamaze.hu\/karacsonyi-ajandekkartya\/","name":"Aquamaze - Kar\u00e1csonyi Aj\u00e1nd\u00e9kk\u00e1rtya","isPartOf":{"@id":"https:\/\/aquamaze.hu\/#website"},"primaryImageOfPage":{"@id":"https:\/\/aquamaze.hu\/karacsonyi-ajandekkartya\/#primaryimage"},"image":{"@id":"https:\/\/aquamaze.hu\/karacsonyi-ajandekkartya\/#primaryimage"},"thumbnailUrl":"https:\/\/aquamaze.hu\/wp-content\/uploads\/2025\/11\/White-And-Brown-Floral-Christmas-Gift-Certificate-8_page-0001.jpg","datePublished":"2025-11-27T10:18:44+00:00","dateModified":"2025-11-29T08:57:25+00:00","description":"Aqua fitness uszodai szolg\u00e1ltat\u00e1sok ter\u00e9n az AquaMaze Magyarorsz\u00e1gon a legjobb.","breadcrumb":{"@id":"https:\/\/aquamaze.hu\/karacsonyi-ajandekkartya\/#breadcrumb"},"inLanguage":"en-GB","potentialAction":[{"@type":"ReadAction","target":["https:\/\/aquamaze.hu\/karacsonyi-ajandekkartya\/"]}]},{"@type":"ImageObject","inLanguage":"en-GB","@id":"https:\/\/aquamaze.hu\/karacsonyi-ajandekkartya\/#primaryimage","url":"https:\/\/aquamaze.hu\/wp-content\/uploads\/2025\/11\/White-And-Brown-Floral-Christmas-Gift-Certificate-8_page-0001.jpg","contentUrl":"https:\/\/aquamaze.hu\/wp-content\/uploads\/2025\/11\/White-And-Brown-Floral-Christmas-Gift-Certificate-8_page-0001.jpg"},{"@type":"BreadcrumbList","@id":"https:\/\/aquamaze.hu\/karacsonyi-ajandekkartya\/#breadcrumb","itemListElement":[{"@type":"ListItem","position":1,"name":"Home","item":"https:\/\/aquamaze.hu\/"},{"@type":"ListItem","position":2,"name":"Kar\u00e1csonyi Aj\u00e1nd\u00e9kk\u00e1rtya"}]},{"@type":"WebSite","@id":"https:\/\/aquamaze.hu\/#website","url":"https:\/\/aquamaze.hu\/","name":"Aquamaze","description":"","publisher":{"@id":"https:\/\/aquamaze.hu\/#organization"},"potentialAction":[{"@type":"SearchAction","target":{"@type":"EntryPoint","urlTemplate":"https:\/\/aquamaze.hu\/?s={search_term_string}"},"query-input":{"@type":"PropertyValueSpecification","valueRequired":true,"valueName":"search_term_string"}}],"inLanguage":"en-GB"},{"@type":"Organization","@id":"https:\/\/aquamaze.hu\/#organization","name":"Aquamaze","url":"https:\/\/aquamaze.hu\/","logo":{"@type":"ImageObject","inLanguage":"en-GB","@id":"https:\/\/aquamaze.hu\/#\/schema\/logo\/image\/","url":"https:\/\/aquamaze.hu\/wp-content\/uploads\/2023\/09\/logo-scaled.jpg","contentUrl":"https:\/\/aquamaze.hu\/wp-content\/uploads\/2023\/09\/logo-scaled.jpg","width":2560,"height":2560,"caption":"Aquamaze"},"image":{"@id":"https:\/\/aquamaze.hu\/#\/schema\/logo\/image\/"}}]}},"_links":{"self":[{"href":"https:\/\/aquamaze.hu\/en\/wp-json\/wp\/v2\/pages\/1941","targetHints":{"allow":["GET"]}}],"collection":[{"href":"https:\/\/aquamaze.hu\/en\/wp-json\/wp\/v2\/pages"}],"about":[{"href":"https:\/\/aquamaze.hu\/en\/wp-json\/wp\/v2\/types\/page"}],"author":[{"embeddable":true,"href":"https:\/\/aquamaze.hu\/en\/wp-json\/wp\/v2\/users\/1"}],"replies":[{"embeddable":true,"href":"https:\/\/aquamaze.hu\/en\/wp-json\/wp\/v2\/comments?post=1941"}],"version-history":[{"count":0,"href":"https:\/\/aquamaze.hu\/en\/wp-json\/wp\/v2\/pages\/1941\/revisions"}],"wp:attachment":[{"href":"https:\/\/aquamaze.hu\/en\/wp-json\/wp\/v2\/media?parent=1941"}],"curies":[{"name":"wp","href":"https:\/\/api.w.org\/{rel}","templated":true}]}}