{"id":1994,"date":"2025-11-28T17:38:40","date_gmt":"2025-11-28T16:38:40","guid":{"rendered":"https:\/\/aquamaze.hu\/?page_id=1994"},"modified":"2025-11-28T17:58:08","modified_gmt":"2025-11-28T16:58:08","slug":"partnereinknek","status":"publish","type":"page","link":"https:\/\/aquamaze.hu\/en\/partnereinknek\/","title":{"rendered":"For Our Partners"},"content":{"rendered":"<div class=\"wp-block-cover alignfull\" style=\"min-height:600px;aspect-ratio:unset;\"><span aria-hidden=\"true\" class=\"wp-block-cover__background has-nv-light-bg-background-color has-background-dim-100 has-background-dim\"><\/span><div class=\"wp-block-cover__inner-container is-layout-flow wp-block-cover-is-layout-flow\">\n<div class=\"wp-block-group\"><div class=\"wp-block-group__inner-container is-layout-flow wp-block-group-is-layout-flow\">\n<div style=\"height:50px\" aria-hidden=\"true\" class=\"wp-block-spacer\"><\/div>\n\n\n\n<h2 class=\"wp-block-heading has-neve-text-color-color has-text-color\">For Our Partners<\/h2>\n\n\n\n<div style=\"height:75px\" aria-hidden=\"true\" id=\"szallodaknak\" class=\"wp-block-spacer\"><\/div>\n\n\n\n<h3 class=\"wp-block-heading has-neve-text-color-color has-text-color has-link-color wp-elements-2e36eebed7336ba3f49ca23f8f55af95\">Services for Hotels<\/h3>\n\n\n\n<p class=\"has-neve-text-color-color has-text-color\">Our goal is to continuously expand our passionate team to be able to serve the needs of high quality hotels in Hungary, that are ready to broaden their range of services for their guests by offering the magnificent experience of aqua fitness, aqua training and aqua dance. These forms of exercise, that are already well-known in the United States and Western Europe, are becoming increasingly popular in Hungary, and these could be the perfect active relaxation for both health-conscious and fun-seeking guests on the same high service level these exclusive hotels offer.<\/p>\n\n\n\n<p class=\"has-neve-text-color-color has-text-color\">Guests may enjoy the AQUAMAZE program as a one-time experience or - if the hotel is committed to offer a health-promoting program for its valued regular clients-, as part of an ongoing preventive treatment. In addition, an aqua fitness or aqua dance session can be a fun social activity or team building event for the hotel\u2019s guests.<\/p>\n\n\n\n<div class=\"wp-block-columns is-layout-flex wp-container-core-columns-is-layout-9d6595d7 wp-block-columns-is-layout-flex\">\n<div class=\"wp-block-column is-layout-flow wp-block-column-is-layout-flow\" style=\"flex-basis:66%\">\n<figure class=\"wp-block-image size-large\"><img loading=\"lazy\" decoding=\"async\" width=\"1024\" height=\"683\" src=\"https:\/\/aquamaze.hu\/wp-content\/uploads\/2023\/09\/szallodak-1024x683.jpg\" alt=\"\" class=\"wp-image-848\" srcset=\"https:\/\/aquamaze.hu\/wp-content\/uploads\/2023\/09\/szallodak-1024x683.jpg 1024w, https:\/\/aquamaze.hu\/wp-content\/uploads\/2023\/09\/szallodak-300x200.jpg 300w, https:\/\/aquamaze.hu\/wp-content\/uploads\/2023\/09\/szallodak-768x512.jpg 768w, https:\/\/aquamaze.hu\/wp-content\/uploads\/2023\/09\/szallodak-1536x1025.jpg 1536w, https:\/\/aquamaze.hu\/wp-content\/uploads\/2023\/09\/szallodak-2048x1366.jpg 2048w, https:\/\/aquamaze.hu\/wp-content\/uploads\/2023\/09\/szallodak-18x12.jpg 18w, https:\/\/aquamaze.hu\/wp-content\/uploads\/2023\/09\/szallodak-930x620.jpg 930w\" sizes=\"auto, (max-width: 1024px) 100vw, 1024px\" \/><\/figure>\n<\/div>\n\n\n\n<div class=\"wp-block-column is-vertically-aligned-center is-layout-flow wp-block-column-is-layout-flow\" style=\"flex-basis:34%\">\n<p class=\"has-neve-text-color-color has-text-color\">We work with the AQUAMAZE approach, influenced by the Japanese Ikigai philosophy, in the forms of aqua fitness, aqua training and aqua dance. Our program offers the hotel guests a rejuvenating exercise form, that not only burns calories and tones muscles while being gentle on the joints, but also offers a social experience and active relaxation, suitable to almost everyone regardless of age, gender and body type.<\/p>\n\n\n\n<p class=\"has-neve-text-color-color has-text-color\">Even on the gloomiest mornings, music, water and happy company will refresh and energize anybody, no matter if it\u2019s the beginning of a workday, a day for sightseeing or simply relaxing. In the evenings it reenergizes then gently unwinds people, having a stress reliever effect both as an individual and a community experience.<\/p>\n<\/div>\n<\/div>\n\n\n\n<p class=\"has-neve-text-color-color has-text-color\">We offer the AQUAMAZE program in various collaboration forms tailored to the needs and possibilities of the hotel, should it be on occasional or seasonal basis or as a regular treatment offer included in their service portfolio. With the help of AQUAMAZE\u2019s community-building and health-promoting approach, we hope to provide outstanding services that contributes to the hotel\u2019s popularity and strengthens its market position.<\/p>\n\n\n\n<div style=\"height:75px\" aria-hidden=\"true\" id=\"nagyvallalatoknak\" class=\"wp-block-spacer\"><\/div>\n\n\n\n<h3 class=\"wp-block-heading has-neve-text-color-color has-text-color has-link-color wp-elements-bcb4b1f5b1f849e6f9f6c54bd42c9de7\">Services for Corporates<\/h3>\n\n\n\n<p class=\"has-neve-text-color-color has-text-color\">Fit, energized and motivated employees + collectively overcome challenges and shared experiences = an effective, creative and responsive team.<br><br>Az AQUAMAZE Eg\u00e9szs\u00e9gmeg\u0151rz\u0151 \u00e9s K\u00f6z\u00f6ss\u00e9g\u00e9p\u00edt\u0151&nbsp;Programot azoknak a nagyv\u00e1llalatoknak aj\u00e1nljuk, melyek az innov\u00e1ci\u00f3 \u00e9s a munkav\u00e9gz\u00e9s min\u0151s\u00e9g\u00e9nek tekint\u00e9ben magas elv\u00e1r\u00e1sokat t\u00e1masztanak alkalmazottaik fel\u00e9, ugyanakkor munkav\u00e1llal\u00f3ik fizikai \u00e9s ment\u00e1lis eg\u00e9szs\u00e9g\u00e9nek meg\u0151rz\u00e9s\u00e9t priorit\u00e1sk\u00e9nt kezelik. Az aqua fitness, aqua training \u00e9s aqua dance mozg\u00e1sform\u00e1ival, a jap\u00e1n Ikigai filoz\u00f3fi\u00e1val \u00e9s az AQUAMAZE m\u00f3dszerrel dolgozunk<\/p>\n\n\n\n<div class=\"wp-block-columns is-layout-flex wp-container-core-columns-is-layout-9d6595d7 wp-block-columns-is-layout-flex\">\n<div class=\"wp-block-column is-vertically-aligned-center is-layout-flow wp-block-column-is-layout-flow\" style=\"flex-basis:60%\">\n<figure class=\"wp-block-image size-large is-resized is-style-default\"><img loading=\"lazy\" decoding=\"async\" width=\"1024\" height=\"683\" src=\"https:\/\/aquamaze.hu\/wp-content\/uploads\/2023\/09\/cegeknek-1024x683.jpg\" alt=\"\" class=\"wp-image-839\" style=\"width:650px;height:undefinedpx\" srcset=\"https:\/\/aquamaze.hu\/wp-content\/uploads\/2023\/09\/cegeknek-1024x683.jpg 1024w, https:\/\/aquamaze.hu\/wp-content\/uploads\/2023\/09\/cegeknek-300x200.jpg 300w, https:\/\/aquamaze.hu\/wp-content\/uploads\/2023\/09\/cegeknek-768x513.jpg 768w, https:\/\/aquamaze.hu\/wp-content\/uploads\/2023\/09\/cegeknek-1536x1025.jpg 1536w, https:\/\/aquamaze.hu\/wp-content\/uploads\/2023\/09\/cegeknek-2048x1367.jpg 2048w, https:\/\/aquamaze.hu\/wp-content\/uploads\/2023\/09\/cegeknek-18x12.jpg 18w, https:\/\/aquamaze.hu\/wp-content\/uploads\/2023\/09\/cegeknek-930x620.jpg 930w\" sizes=\"auto, (max-width: 1024px) 100vw, 1024px\" \/><\/figure>\n<\/div>\n\n\n\n<div class=\"wp-block-column is-vertically-aligned-center has-neve-text-color-color has-text-color is-layout-flow wp-block-column-is-layout-flow\">\n<ul class=\"wp-block-list has-neve-text-color-color has-text-color\">\n<li>individual and collective experience,<\/li>\n\n\n\n<li class=\"translation-block\">losing weight and reducing stress,<\/li>\n\n\n\n<li>the health, vitality and fitness of our guests,<\/li>\n\n\n\n<li>forming new communities,<\/li>\n\n\n\n<li>strengthening cohesion in existing communities,<\/li>\n\n\n\n<li>long-term employee motivation and energization,<\/li>\n\n\n\n<li>more productive and innovative teamwork.<\/li>\n<\/ul>\n<\/div>\n<\/div>\n\n\n\n<p class=\"has-neve-text-color-color has-text-color\">The AQUAMAZE Health-Promoting and Community Building Program offers regular exercises for health-consciousness and prevention, beneficial to almost everyone regardless of age, sex and body type. While providing relaxation and entertainment, it grants the group the sense of achievement for overcoming challenges together, and acts as a force of cohesion and team-building in the long run.<\/p>\n\n\n\n<div style=\"height:50px\" aria-hidden=\"true\" class=\"wp-block-spacer\"><\/div>\n<\/div><\/div>\n<\/div><\/div>","protected":false},"excerpt":{"rendered":"","protected":false},"author":1,"featured_media":0,"parent":0,"menu_order":0,"comment_status":"closed","ping_status":"closed","template":"","meta":{"neve_meta_sidebar":"default","neve_meta_container":"","neve_meta_enable_content_width":"on","neve_meta_content_width":100,"neve_meta_title_alignment":"","neve_meta_author_avatar":"","neve_post_elements_order":"","neve_meta_disable_header":"","neve_meta_disable_footer":"","neve_meta_disable_title":"on","neve_meta_reading_time":"","_themeisle_gutenberg_block_has_review":false,"footnotes":""},"class_list":["post-1994","page","type-page","status-publish","hentry"],"yoast_head":"<!-- This site is optimized with the Yoast SEO plugin v27.4 - https:\/\/yoast.com\/product\/yoast-seo-wordpress\/ -->\n<title>Aquamaze - Partnereinknek<\/title>\n<meta name=\"description\" content=\"Aqua fitness uszodai szolg\u00e1ltat\u00e1sok ter\u00e9n az AquaMaze Magyarorsz\u00e1gon a legjobb.\" \/>\n<meta name=\"robots\" content=\"index, follow, max-snippet:-1, max-image-preview:large, max-video-preview:-1\" \/>\n<link rel=\"canonical\" href=\"https:\/\/aquamaze.hu\/en\/partnereinknek\/\" \/>\n<meta property=\"og:locale\" content=\"en_GB\" \/>\n<meta property=\"og:type\" content=\"article\" \/>\n<meta property=\"og:title\" content=\"Aquamaze - Partnereinknek\" \/>\n<meta property=\"og:description\" content=\"Aqua fitness uszodai szolg\u00e1ltat\u00e1sok ter\u00e9n az AquaMaze Magyarorsz\u00e1gon a legjobb.\" \/>\n<meta property=\"og:url\" content=\"https:\/\/aquamaze.hu\/en\/partnereinknek\/\" \/>\n<meta property=\"og:site_name\" content=\"Aquamaze\" \/>\n<meta property=\"article:modified_time\" content=\"2025-11-28T16:58:08+00:00\" \/>\n<meta property=\"og:image\" content=\"https:\/\/aquamaze.hu\/wp-content\/uploads\/2023\/09\/szallodak-scaled.jpg\" \/>\n\t<meta property=\"og:image:width\" content=\"2560\" \/>\n\t<meta property=\"og:image:height\" content=\"1708\" \/>\n\t<meta property=\"og:image:type\" content=\"image\/jpeg\" \/>\n<meta name=\"twitter:card\" content=\"summary_large_image\" \/>\n<meta name=\"twitter:label1\" content=\"Estimated reading time\" \/>\n\t<meta name=\"twitter:data1\" content=\"3 minutes\" \/>\n<script type=\"application\/ld+json\" class=\"yoast-schema-graph\">{\"@context\":\"https:\\\/\\\/schema.org\",\"@graph\":[{\"@type\":\"WebPage\",\"@id\":\"https:\\\/\\\/aquamaze.hu\\\/partnereinknek\\\/\",\"url\":\"https:\\\/\\\/aquamaze.hu\\\/partnereinknek\\\/\",\"name\":\"Aquamaze - Partnereinknek\",\"isPartOf\":{\"@id\":\"https:\\\/\\\/aquamaze.hu\\\/#website\"},\"primaryImageOfPage\":{\"@id\":\"https:\\\/\\\/aquamaze.hu\\\/partnereinknek\\\/#primaryimage\"},\"image\":{\"@id\":\"https:\\\/\\\/aquamaze.hu\\\/partnereinknek\\\/#primaryimage\"},\"thumbnailUrl\":\"https:\\\/\\\/aquamaze.hu\\\/wp-content\\\/uploads\\\/2023\\\/09\\\/szallodak-1024x683.jpg\",\"datePublished\":\"2025-11-28T16:38:40+00:00\",\"dateModified\":\"2025-11-28T16:58:08+00:00\",\"description\":\"Aqua fitness uszodai szolg\u00e1ltat\u00e1sok ter\u00e9n az AquaMaze Magyarorsz\u00e1gon a legjobb.\",\"breadcrumb\":{\"@id\":\"https:\\\/\\\/aquamaze.hu\\\/partnereinknek\\\/#breadcrumb\"},\"inLanguage\":\"en-GB\",\"potentialAction\":[{\"@type\":\"ReadAction\",\"target\":[\"https:\\\/\\\/aquamaze.hu\\\/partnereinknek\\\/\"]}]},{\"@type\":\"ImageObject\",\"inLanguage\":\"en-GB\",\"@id\":\"https:\\\/\\\/aquamaze.hu\\\/partnereinknek\\\/#primaryimage\",\"url\":\"https:\\\/\\\/aquamaze.hu\\\/wp-content\\\/uploads\\\/2023\\\/09\\\/szallodak-1024x683.jpg\",\"contentUrl\":\"https:\\\/\\\/aquamaze.hu\\\/wp-content\\\/uploads\\\/2023\\\/09\\\/szallodak-1024x683.jpg\"},{\"@type\":\"BreadcrumbList\",\"@id\":\"https:\\\/\\\/aquamaze.hu\\\/partnereinknek\\\/#breadcrumb\",\"itemListElement\":[{\"@type\":\"ListItem\",\"position\":1,\"name\":\"Home\",\"item\":\"https:\\\/\\\/aquamaze.hu\\\/\"},{\"@type\":\"ListItem\",\"position\":2,\"name\":\"Partnereinknek\"}]},{\"@type\":\"WebSite\",\"@id\":\"https:\\\/\\\/aquamaze.hu\\\/#website\",\"url\":\"https:\\\/\\\/aquamaze.hu\\\/\",\"name\":\"Aquamaze\",\"description\":\"\",\"publisher\":{\"@id\":\"https:\\\/\\\/aquamaze.hu\\\/#organization\"},\"potentialAction\":[{\"@type\":\"SearchAction\",\"target\":{\"@type\":\"EntryPoint\",\"urlTemplate\":\"https:\\\/\\\/aquamaze.hu\\\/?s={search_term_string}\"},\"query-input\":{\"@type\":\"PropertyValueSpecification\",\"valueRequired\":true,\"valueName\":\"search_term_string\"}}],\"inLanguage\":\"en-GB\"},{\"@type\":\"Organization\",\"@id\":\"https:\\\/\\\/aquamaze.hu\\\/#organization\",\"name\":\"Aquamaze\",\"url\":\"https:\\\/\\\/aquamaze.hu\\\/\",\"logo\":{\"@type\":\"ImageObject\",\"inLanguage\":\"en-GB\",\"@id\":\"https:\\\/\\\/aquamaze.hu\\\/#\\\/schema\\\/logo\\\/image\\\/\",\"url\":\"https:\\\/\\\/aquamaze.hu\\\/wp-content\\\/uploads\\\/2023\\\/09\\\/logo-scaled.jpg\",\"contentUrl\":\"https:\\\/\\\/aquamaze.hu\\\/wp-content\\\/uploads\\\/2023\\\/09\\\/logo-scaled.jpg\",\"width\":2560,\"height\":2560,\"caption\":\"Aquamaze\"},\"image\":{\"@id\":\"https:\\\/\\\/aquamaze.hu\\\/#\\\/schema\\\/logo\\\/image\\\/\"}}]}<\/script>\n<!-- \/ Yoast SEO plugin. -->","yoast_head_json":{"title":"Aquamaze - Partnereinknek","description":"Aqua fitness uszodai szolg\u00e1ltat\u00e1sok ter\u00e9n az AquaMaze Magyarorsz\u00e1gon a legjobb.","robots":{"index":"index","follow":"follow","max-snippet":"max-snippet:-1","max-image-preview":"max-image-preview:large","max-video-preview":"max-video-preview:-1"},"canonical":"https:\/\/aquamaze.hu\/en\/partnereinknek\/","og_locale":"en_GB","og_type":"article","og_title":"Aquamaze - Partnereinknek","og_description":"Aqua fitness uszodai szolg\u00e1ltat\u00e1sok ter\u00e9n az AquaMaze Magyarorsz\u00e1gon a legjobb.","og_url":"https:\/\/aquamaze.hu\/en\/partnereinknek\/","og_site_name":"Aquamaze","article_modified_time":"2025-11-28T16:58:08+00:00","og_image":[{"width":2560,"height":1708,"url":"https:\/\/aquamaze.hu\/wp-content\/uploads\/2023\/09\/szallodak-scaled.jpg","type":"image\/jpeg"}],"twitter_card":"summary_large_image","twitter_misc":{"Estimated reading time":"3 minutes"},"schema":{"@context":"https:\/\/schema.org","@graph":[{"@type":"WebPage","@id":"https:\/\/aquamaze.hu\/partnereinknek\/","url":"https:\/\/aquamaze.hu\/partnereinknek\/","name":"Aquamaze - Partnereinknek","isPartOf":{"@id":"https:\/\/aquamaze.hu\/#website"},"primaryImageOfPage":{"@id":"https:\/\/aquamaze.hu\/partnereinknek\/#primaryimage"},"image":{"@id":"https:\/\/aquamaze.hu\/partnereinknek\/#primaryimage"},"thumbnailUrl":"https:\/\/aquamaze.hu\/wp-content\/uploads\/2023\/09\/szallodak-1024x683.jpg","datePublished":"2025-11-28T16:38:40+00:00","dateModified":"2025-11-28T16:58:08+00:00","description":"Aqua fitness uszodai szolg\u00e1ltat\u00e1sok ter\u00e9n az AquaMaze Magyarorsz\u00e1gon a legjobb.","breadcrumb":{"@id":"https:\/\/aquamaze.hu\/partnereinknek\/#breadcrumb"},"inLanguage":"en-GB","potentialAction":[{"@type":"ReadAction","target":["https:\/\/aquamaze.hu\/partnereinknek\/"]}]},{"@type":"ImageObject","inLanguage":"en-GB","@id":"https:\/\/aquamaze.hu\/partnereinknek\/#primaryimage","url":"https:\/\/aquamaze.hu\/wp-content\/uploads\/2023\/09\/szallodak-1024x683.jpg","contentUrl":"https:\/\/aquamaze.hu\/wp-content\/uploads\/2023\/09\/szallodak-1024x683.jpg"},{"@type":"BreadcrumbList","@id":"https:\/\/aquamaze.hu\/partnereinknek\/#breadcrumb","itemListElement":[{"@type":"ListItem","position":1,"name":"Home","item":"https:\/\/aquamaze.hu\/"},{"@type":"ListItem","position":2,"name":"Partnereinknek"}]},{"@type":"WebSite","@id":"https:\/\/aquamaze.hu\/#website","url":"https:\/\/aquamaze.hu\/","name":"Aquamaze","description":"","publisher":{"@id":"https:\/\/aquamaze.hu\/#organization"},"potentialAction":[{"@type":"SearchAction","target":{"@type":"EntryPoint","urlTemplate":"https:\/\/aquamaze.hu\/?s={search_term_string}"},"query-input":{"@type":"PropertyValueSpecification","valueRequired":true,"valueName":"search_term_string"}}],"inLanguage":"en-GB"},{"@type":"Organization","@id":"https:\/\/aquamaze.hu\/#organization","name":"Aquamaze","url":"https:\/\/aquamaze.hu\/","logo":{"@type":"ImageObject","inLanguage":"en-GB","@id":"https:\/\/aquamaze.hu\/#\/schema\/logo\/image\/","url":"https:\/\/aquamaze.hu\/wp-content\/uploads\/2023\/09\/logo-scaled.jpg","contentUrl":"https:\/\/aquamaze.hu\/wp-content\/uploads\/2023\/09\/logo-scaled.jpg","width":2560,"height":2560,"caption":"Aquamaze"},"image":{"@id":"https:\/\/aquamaze.hu\/#\/schema\/logo\/image\/"}}]}},"_links":{"self":[{"href":"https:\/\/aquamaze.hu\/en\/wp-json\/wp\/v2\/pages\/1994","targetHints":{"allow":["GET"]}}],"collection":[{"href":"https:\/\/aquamaze.hu\/en\/wp-json\/wp\/v2\/pages"}],"about":[{"href":"https:\/\/aquamaze.hu\/en\/wp-json\/wp\/v2\/types\/page"}],"author":[{"embeddable":true,"href":"https:\/\/aquamaze.hu\/en\/wp-json\/wp\/v2\/users\/1"}],"replies":[{"embeddable":true,"href":"https:\/\/aquamaze.hu\/en\/wp-json\/wp\/v2\/comments?post=1994"}],"version-history":[{"count":0,"href":"https:\/\/aquamaze.hu\/en\/wp-json\/wp\/v2\/pages\/1994\/revisions"}],"wp:attachment":[{"href":"https:\/\/aquamaze.hu\/en\/wp-json\/wp\/v2\/media?parent=1994"}],"curies":[{"name":"wp","href":"https:\/\/api.w.org\/{rel}","templated":true}]}}