{"id":443,"date":"2023-09-14T15:50:35","date_gmt":"2023-09-14T13:50:35","guid":{"rendered":"https:\/\/aquamaze.hu\/?page_id=443"},"modified":"2024-03-20T19:35:14","modified_gmt":"2024-03-20T18:35:14","slug":"rolunk","status":"publish","type":"page","link":"https:\/\/aquamaze.hu\/en\/rolunk\/","title":{"rendered":"About Us"},"content":{"rendered":"<div class=\"wp-block-cover alignfull\" style=\"min-height:600px;aspect-ratio:unset;\"><span aria-hidden=\"true\" class=\"wp-block-cover__background has-nv-light-bg-background-color has-background-dim-100 has-background-dim\"><\/span><div class=\"wp-block-cover__inner-container is-layout-flow wp-block-cover-is-layout-flow\">\n<div class=\"wp-block-group\"><div class=\"wp-block-group__inner-container is-layout-flow wp-block-group-is-layout-flow\">\n<div style=\"height:50px\" aria-hidden=\"true\" class=\"wp-block-spacer\"><\/div>\n\n\n\n<div class=\"wp-block-columns has-neve-text-color-color has-text-color is-layout-flex wp-container-core-columns-is-layout-9d6595d7 wp-block-columns-is-layout-flex\">\n<div class=\"wp-block-column is-vertically-aligned-center is-layout-flow wp-block-column-is-layout-flow\" style=\"flex-basis:50%\">\n<h2 class=\"wp-block-heading\">About Us<\/h2>\n\n\n\n<p>All of our colleagues are professionally dedicated aqua fitness instructors with Level 4 European Qualifications. Our passionate team is continually growing to be able to provide our clients and partners the health-promoting and community-building program, that enables them to broaden the range of services they offer to their guests, employees and communities with the magnificent experience and health benefits of aqua fitness, aqua training, aqua dance, or even senior water gymnastics.<\/p>\n<\/div>\n\n\n\n<div class=\"wp-block-column is-vertically-aligned-center is-layout-flow wp-block-column-is-layout-flow\" style=\"flex-basis:50%\">\n<figure class=\"wp-block-image size-large\"><img loading=\"lazy\" decoding=\"async\" width=\"1024\" height=\"678\" src=\"https:\/\/aquamaze.hu\/wp-content\/uploads\/2023\/09\/rolunk-1024x678.jpg\" alt=\"\" class=\"wp-image-822\" srcset=\"https:\/\/aquamaze.hu\/wp-content\/uploads\/2023\/09\/rolunk-1024x678.jpg 1024w, https:\/\/aquamaze.hu\/wp-content\/uploads\/2023\/09\/rolunk-300x199.jpg 300w, https:\/\/aquamaze.hu\/wp-content\/uploads\/2023\/09\/rolunk-768x509.jpg 768w, https:\/\/aquamaze.hu\/wp-content\/uploads\/2023\/09\/rolunk-1536x1017.jpg 1536w, https:\/\/aquamaze.hu\/wp-content\/uploads\/2023\/09\/rolunk-2048x1356.jpg 2048w, https:\/\/aquamaze.hu\/wp-content\/uploads\/2023\/09\/rolunk-18x12.jpg 18w\" sizes=\"auto, (max-width: 1024px) 100vw, 1024px\" \/><\/figure>\n<\/div>\n<\/div>\n\n\n\n<div style=\"height:50px\" aria-hidden=\"true\" class=\"wp-block-spacer\"><\/div>\n<\/div><\/div>\n<\/div><\/div>","protected":false},"excerpt":{"rendered":"","protected":false},"author":1,"featured_media":0,"parent":0,"menu_order":0,"comment_status":"closed","ping_status":"closed","template":"","meta":{"neve_meta_sidebar":"default","neve_meta_container":"default","neve_meta_enable_content_width":"on","neve_meta_content_width":100,"neve_meta_title_alignment":"","neve_meta_author_avatar":"","neve_post_elements_order":"","neve_meta_disable_header":"","neve_meta_disable_footer":"","neve_meta_disable_title":"on","neve_meta_reading_time":"","_themeisle_gutenberg_block_has_review":false,"footnotes":""},"class_list":["post-443","page","type-page","status-publish","hentry"],"yoast_head":"<!-- This site is optimized with the Yoast SEO plugin v27.3 - https:\/\/yoast.com\/product\/yoast-seo-wordpress\/ -->\n<title>Aquamaze - R\u00f3lunk<\/title>\n<meta name=\"description\" content=\"Aqua fitness uszodai szolg\u00e1ltat\u00e1sok ter\u00e9n az AquaMaze Magyarorsz\u00e1gon a legjobb.\" \/>\n<meta name=\"robots\" content=\"index, follow, max-snippet:-1, max-image-preview:large, max-video-preview:-1\" \/>\n<link rel=\"canonical\" href=\"https:\/\/aquamaze.hu\/en\/rolunk\/\" \/>\n<meta property=\"og:locale\" content=\"en_GB\" \/>\n<meta property=\"og:type\" content=\"article\" \/>\n<meta property=\"og:title\" content=\"Aquamaze - R\u00f3lunk\" \/>\n<meta property=\"og:description\" content=\"Aqua fitness uszodai szolg\u00e1ltat\u00e1sok ter\u00e9n az AquaMaze Magyarorsz\u00e1gon a legjobb.\" \/>\n<meta property=\"og:url\" content=\"https:\/\/aquamaze.hu\/en\/rolunk\/\" \/>\n<meta property=\"og:site_name\" content=\"Aquamaze\" \/>\n<meta property=\"article:modified_time\" content=\"2024-03-20T18:35:14+00:00\" \/>\n<meta property=\"og:image\" content=\"https:\/\/aquamaze.hu\/wp-content\/uploads\/2023\/09\/rolunk-1024x678.jpg\" \/>\n<meta name=\"twitter:card\" content=\"summary_large_image\" \/>\n<meta name=\"twitter:label1\" content=\"Estimated reading time\" \/>\n\t<meta name=\"twitter:data1\" content=\"1 minute\" \/>\n<script type=\"application\/ld+json\" class=\"yoast-schema-graph\">{\"@context\":\"https:\\\/\\\/schema.org\",\"@graph\":[{\"@type\":\"WebPage\",\"@id\":\"https:\\\/\\\/aquamaze.hu\\\/rolunk\\\/\",\"url\":\"https:\\\/\\\/aquamaze.hu\\\/rolunk\\\/\",\"name\":\"Aquamaze - R\u00f3lunk\",\"isPartOf\":{\"@id\":\"https:\\\/\\\/aquamaze.hu\\\/#website\"},\"primaryImageOfPage\":{\"@id\":\"https:\\\/\\\/aquamaze.hu\\\/rolunk\\\/#primaryimage\"},\"image\":{\"@id\":\"https:\\\/\\\/aquamaze.hu\\\/rolunk\\\/#primaryimage\"},\"thumbnailUrl\":\"https:\\\/\\\/aquamaze.hu\\\/wp-content\\\/uploads\\\/2023\\\/09\\\/rolunk-1024x678.jpg\",\"datePublished\":\"2023-09-14T13:50:35+00:00\",\"dateModified\":\"2024-03-20T18:35:14+00:00\",\"description\":\"Aqua fitness uszodai szolg\u00e1ltat\u00e1sok ter\u00e9n az AquaMaze Magyarorsz\u00e1gon a legjobb.\",\"breadcrumb\":{\"@id\":\"https:\\\/\\\/aquamaze.hu\\\/rolunk\\\/#breadcrumb\"},\"inLanguage\":\"en-GB\",\"potentialAction\":[{\"@type\":\"ReadAction\",\"target\":[\"https:\\\/\\\/aquamaze.hu\\\/rolunk\\\/\"]}]},{\"@type\":\"ImageObject\",\"inLanguage\":\"en-GB\",\"@id\":\"https:\\\/\\\/aquamaze.hu\\\/rolunk\\\/#primaryimage\",\"url\":\"https:\\\/\\\/aquamaze.hu\\\/wp-content\\\/uploads\\\/2023\\\/09\\\/rolunk-1024x678.jpg\",\"contentUrl\":\"https:\\\/\\\/aquamaze.hu\\\/wp-content\\\/uploads\\\/2023\\\/09\\\/rolunk-1024x678.jpg\"},{\"@type\":\"BreadcrumbList\",\"@id\":\"https:\\\/\\\/aquamaze.hu\\\/rolunk\\\/#breadcrumb\",\"itemListElement\":[{\"@type\":\"ListItem\",\"position\":1,\"name\":\"Home\",\"item\":\"https:\\\/\\\/aquamaze.hu\\\/\"},{\"@type\":\"ListItem\",\"position\":2,\"name\":\"R\u00f3lunk\"}]},{\"@type\":\"WebSite\",\"@id\":\"https:\\\/\\\/aquamaze.hu\\\/#website\",\"url\":\"https:\\\/\\\/aquamaze.hu\\\/\",\"name\":\"Aquamaze\",\"description\":\"\",\"publisher\":{\"@id\":\"https:\\\/\\\/aquamaze.hu\\\/#organization\"},\"potentialAction\":[{\"@type\":\"SearchAction\",\"target\":{\"@type\":\"EntryPoint\",\"urlTemplate\":\"https:\\\/\\\/aquamaze.hu\\\/?s={search_term_string}\"},\"query-input\":{\"@type\":\"PropertyValueSpecification\",\"valueRequired\":true,\"valueName\":\"search_term_string\"}}],\"inLanguage\":\"en-GB\"},{\"@type\":\"Organization\",\"@id\":\"https:\\\/\\\/aquamaze.hu\\\/#organization\",\"name\":\"Aquamaze\",\"url\":\"https:\\\/\\\/aquamaze.hu\\\/\",\"logo\":{\"@type\":\"ImageObject\",\"inLanguage\":\"en-GB\",\"@id\":\"https:\\\/\\\/aquamaze.hu\\\/#\\\/schema\\\/logo\\\/image\\\/\",\"url\":\"https:\\\/\\\/aquamaze.hu\\\/wp-content\\\/uploads\\\/2023\\\/09\\\/logo-scaled.jpg\",\"contentUrl\":\"https:\\\/\\\/aquamaze.hu\\\/wp-content\\\/uploads\\\/2023\\\/09\\\/logo-scaled.jpg\",\"width\":2560,\"height\":2560,\"caption\":\"Aquamaze\"},\"image\":{\"@id\":\"https:\\\/\\\/aquamaze.hu\\\/#\\\/schema\\\/logo\\\/image\\\/\"}}]}<\/script>\n<!-- \/ Yoast SEO plugin. -->","yoast_head_json":{"title":"Aquamaze - R\u00f3lunk","description":"Aqua fitness uszodai szolg\u00e1ltat\u00e1sok ter\u00e9n az AquaMaze Magyarorsz\u00e1gon a legjobb.","robots":{"index":"index","follow":"follow","max-snippet":"max-snippet:-1","max-image-preview":"max-image-preview:large","max-video-preview":"max-video-preview:-1"},"canonical":"https:\/\/aquamaze.hu\/en\/rolunk\/","og_locale":"en_GB","og_type":"article","og_title":"Aquamaze - R\u00f3lunk","og_description":"Aqua fitness uszodai szolg\u00e1ltat\u00e1sok ter\u00e9n az AquaMaze Magyarorsz\u00e1gon a legjobb.","og_url":"https:\/\/aquamaze.hu\/en\/rolunk\/","og_site_name":"Aquamaze","article_modified_time":"2024-03-20T18:35:14+00:00","og_image":[{"url":"https:\/\/aquamaze.hu\/wp-content\/uploads\/2023\/09\/rolunk-1024x678.jpg","type":"","width":"","height":""}],"twitter_card":"summary_large_image","twitter_misc":{"Estimated reading time":"1 minute"},"schema":{"@context":"https:\/\/schema.org","@graph":[{"@type":"WebPage","@id":"https:\/\/aquamaze.hu\/rolunk\/","url":"https:\/\/aquamaze.hu\/rolunk\/","name":"Aquamaze - R\u00f3lunk","isPartOf":{"@id":"https:\/\/aquamaze.hu\/#website"},"primaryImageOfPage":{"@id":"https:\/\/aquamaze.hu\/rolunk\/#primaryimage"},"image":{"@id":"https:\/\/aquamaze.hu\/rolunk\/#primaryimage"},"thumbnailUrl":"https:\/\/aquamaze.hu\/wp-content\/uploads\/2023\/09\/rolunk-1024x678.jpg","datePublished":"2023-09-14T13:50:35+00:00","dateModified":"2024-03-20T18:35:14+00:00","description":"Aqua fitness uszodai szolg\u00e1ltat\u00e1sok ter\u00e9n az AquaMaze Magyarorsz\u00e1gon a legjobb.","breadcrumb":{"@id":"https:\/\/aquamaze.hu\/rolunk\/#breadcrumb"},"inLanguage":"en-GB","potentialAction":[{"@type":"ReadAction","target":["https:\/\/aquamaze.hu\/rolunk\/"]}]},{"@type":"ImageObject","inLanguage":"en-GB","@id":"https:\/\/aquamaze.hu\/rolunk\/#primaryimage","url":"https:\/\/aquamaze.hu\/wp-content\/uploads\/2023\/09\/rolunk-1024x678.jpg","contentUrl":"https:\/\/aquamaze.hu\/wp-content\/uploads\/2023\/09\/rolunk-1024x678.jpg"},{"@type":"BreadcrumbList","@id":"https:\/\/aquamaze.hu\/rolunk\/#breadcrumb","itemListElement":[{"@type":"ListItem","position":1,"name":"Home","item":"https:\/\/aquamaze.hu\/"},{"@type":"ListItem","position":2,"name":"R\u00f3lunk"}]},{"@type":"WebSite","@id":"https:\/\/aquamaze.hu\/#website","url":"https:\/\/aquamaze.hu\/","name":"Aquamaze","description":"","publisher":{"@id":"https:\/\/aquamaze.hu\/#organization"},"potentialAction":[{"@type":"SearchAction","target":{"@type":"EntryPoint","urlTemplate":"https:\/\/aquamaze.hu\/?s={search_term_string}"},"query-input":{"@type":"PropertyValueSpecification","valueRequired":true,"valueName":"search_term_string"}}],"inLanguage":"en-GB"},{"@type":"Organization","@id":"https:\/\/aquamaze.hu\/#organization","name":"Aquamaze","url":"https:\/\/aquamaze.hu\/","logo":{"@type":"ImageObject","inLanguage":"en-GB","@id":"https:\/\/aquamaze.hu\/#\/schema\/logo\/image\/","url":"https:\/\/aquamaze.hu\/wp-content\/uploads\/2023\/09\/logo-scaled.jpg","contentUrl":"https:\/\/aquamaze.hu\/wp-content\/uploads\/2023\/09\/logo-scaled.jpg","width":2560,"height":2560,"caption":"Aquamaze"},"image":{"@id":"https:\/\/aquamaze.hu\/#\/schema\/logo\/image\/"}}]}},"_links":{"self":[{"href":"https:\/\/aquamaze.hu\/en\/wp-json\/wp\/v2\/pages\/443","targetHints":{"allow":["GET"]}}],"collection":[{"href":"https:\/\/aquamaze.hu\/en\/wp-json\/wp\/v2\/pages"}],"about":[{"href":"https:\/\/aquamaze.hu\/en\/wp-json\/wp\/v2\/types\/page"}],"author":[{"embeddable":true,"href":"https:\/\/aquamaze.hu\/en\/wp-json\/wp\/v2\/users\/1"}],"replies":[{"embeddable":true,"href":"https:\/\/aquamaze.hu\/en\/wp-json\/wp\/v2\/comments?post=443"}],"version-history":[{"count":0,"href":"https:\/\/aquamaze.hu\/en\/wp-json\/wp\/v2\/pages\/443\/revisions"}],"wp:attachment":[{"href":"https:\/\/aquamaze.hu\/en\/wp-json\/wp\/v2\/media?parent=443"}],"curies":[{"name":"wp","href":"https:\/\/api.w.org\/{rel}","templated":true}]}}