{"id":481,"date":"2023-09-14T16:27:05","date_gmt":"2023-09-14T14:27:05","guid":{"rendered":"https:\/\/aquamaze.hu\/?page_id=481"},"modified":"2025-08-30T12:14:37","modified_gmt":"2025-08-30T10:14:37","slug":"szolgaltatasok-kozossegeknek","status":"publish","type":"page","link":"https:\/\/aquamaze.hu\/en\/szolgaltatasok-kozossegeknek\/","title":{"rendered":"Services for Communities"},"content":{"rendered":"<div class=\"wp-block-cover alignfull\" style=\"min-height:600px;aspect-ratio:unset;\"><span aria-hidden=\"true\" class=\"wp-block-cover__background has-nv-light-bg-background-color has-background-dim-100 has-background-dim\"><\/span><div class=\"wp-block-cover__inner-container is-layout-flow wp-block-cover-is-layout-flow\">\n<div class=\"wp-block-group has-neve-text-color-color has-text-color\"><div class=\"wp-block-group__inner-container is-layout-flow wp-block-group-is-layout-flow\">\n<div style=\"height:50px\" aria-hidden=\"true\" class=\"wp-block-spacer\"><\/div>\n\n\n\n<h2 class=\"wp-block-heading has-neve-text-color-color has-text-color\">Services for Communities<\/h2>\n\n\n\n<div style=\"height:75px\" aria-hidden=\"true\" id=\"egyetemi_kozossegek\" class=\"wp-block-spacer\"><\/div>\n\n\n\n<h3 class=\"wp-block-heading has-neve-text-color-color has-text-color\">University\/High School Communities<\/h3>\n\n\n\n<p class=\"has-neve-text-color-color has-text-color\">In the corporate sector it is common practice, that in order to attracting and keeping valued staff members, companies pay special attention to employee experience, and - besides providing flexible working hours and the option of remote work -, they offer their employees health and convenience related benefits that support work-life balance. This fundamental idea led to the thought, that the academic sector would also benefit from taking part in health-promoting and community-building programs.<\/p>\n\n\n\n<p class=\"has-neve-text-color-color has-text-color\">With our help, high-schools and universities could actively contribute to the physical and emotional well-being of their students, professors and staff members by offering our weekly health-promoting and community-building sessions. These activities also support their individual development and motivation, as well as foster the positive feeling of belonging to the school community.<\/p>\n\n\n\n<div class=\"wp-block-columns is-layout-flex wp-container-core-columns-is-layout-9d6595d7 wp-block-columns-is-layout-flex\">\n<div class=\"wp-block-column is-vertically-aligned-center is-layout-flow wp-block-column-is-layout-flow\" style=\"flex-basis:60%\">\n<figure class=\"wp-block-image size-large\"><img loading=\"lazy\" decoding=\"async\" width=\"1024\" height=\"640\" src=\"https:\/\/aquamaze.hu\/wp-content\/uploads\/2023\/09\/egyetemi-1024x640.jpg\" alt=\"\" class=\"wp-image-846\" srcset=\"https:\/\/aquamaze.hu\/wp-content\/uploads\/2023\/09\/egyetemi-1024x640.jpg 1024w, https:\/\/aquamaze.hu\/wp-content\/uploads\/2023\/09\/egyetemi-300x188.jpg 300w, https:\/\/aquamaze.hu\/wp-content\/uploads\/2023\/09\/egyetemi-768x480.jpg 768w, https:\/\/aquamaze.hu\/wp-content\/uploads\/2023\/09\/egyetemi-1536x960.jpg 1536w, https:\/\/aquamaze.hu\/wp-content\/uploads\/2023\/09\/egyetemi-2048x1280.jpg 2048w, https:\/\/aquamaze.hu\/wp-content\/uploads\/2023\/09\/egyetemi-18x12.jpg 18w\" sizes=\"auto, (max-width: 1024px) 100vw, 1024px\" \/><\/figure>\n<\/div>\n\n\n\n<div class=\"wp-block-column is-vertically-aligned-center is-layout-flow wp-block-column-is-layout-flow\" style=\"flex-basis:40%\">\n<p class=\"has-neve-text-color-color has-text-color\"><br>In an effort to raise awareness and promote prevention, the AQUAMAZE Health-Promoting and Community-Building program offers weekly training sessions, which, regardless of age, sex and body type, have a favorable effect on the participants\u2019 physical and mental well-being by:<\/p>\n\n\n\n<ul class=\"wp-block-list has-neve-text-color-color has-text-color\">\n<li>burning calories, toning muscles, while putting less impact on the joints,<\/li>\n\n\n\n<li>keeping people\u2019s fitness and vitality by maintaining a good general condition,<\/li>\n\n\n\n<li>offering relaxation and entertainment,<\/li>\n\n\n\n<li>guaranteeing the feeling of achievement on individual and group level by the experience of overcoming challenges together,<\/li>\n\n\n\n<li>forming and keeping together communities in the long run.<\/li>\n<\/ul>\n<\/div>\n<\/div>\n\n\n\n<p class=\"has-neve-text-color-color has-text-color\">To offer our partners and guests unique and exceptional services, we work with the AQUAMAZE approach, influenced by the Japanese Ikigai philosophy in the exercise forms of aqua fitness, aqua training and aqua dance.<\/p>\n\n\n\n<p class=\"has-neve-text-color-color has-text-color\">High schools and universities can broaden their portfolio of student- and staff support services by including the AQUAMAZE Health-Promoting and Community-Building program, demonstrating a commitment to care for their health and well-being, while also fostering proactive teamwork and the sense of belonging within the academic community. The AQUAMAZE program can contribute to the success and popularity of educational institutions. We offer a variety of choices for cooperation, flexible to the available funding possibilities. We provide full services for organizing and conducting the programs. We do our best to adjust our services to the needs and external\/internal requirements of the institutions as well as to adapt to the institutional culture.<\/p>\n\n\n\n<div style=\"height:75px\" aria-hidden=\"true\" id=\"idosotthonok\" class=\"wp-block-spacer\"><\/div>\n\n\n\n<h3 class=\"wp-block-heading has-neve-text-color-color has-text-color\">Retirement Communities and Nursing Homes<\/h3>\n\n\n\n<p class=\"has-neve-text-color-color has-text-color translation-block\">Senior aqua gymnastics can be quite beneficial for elderly people\u2019s health, helping to maintain both physical strength and mental well-being. The foundational concept of our health-promoting program originates from the Japanese philosophy known as <em>Ikigai<\/em>, which states that the key to living a long and happy life lies in healthy eating, regular enjoyable physical activity, and belonging to a community even in our old days. Following this approach we offer our programs to elderly homes which beside taking care of their residents\u2019 daily needs actively encourage their citizens to remain motivated and to live a fulfilling and meaningful life even in their old days.<\/p>\n\n\n\n<div class=\"wp-block-columns are-vertically-aligned-center is-layout-flex wp-container-core-columns-is-layout-9d6595d7 wp-block-columns-is-layout-flex\">\n<div class=\"wp-block-column is-vertically-aligned-center is-layout-flow wp-block-column-is-layout-flow\">\n<p>We warmly welcome retirement communities and clubs as our guests, too. We feel honored if they open their doors for AQUAMAZE to incorporate it into their social life, which we strive to make even more vibrant. Our mission is that with every session our guests would enhance the sense of community and develop a long-term habit of regular exercising.<\/p>\n\n\n\n<p>To exercise in water is one of the best ways to keep the body in good shape, to maintain correct posture and energy level, and to keep the joy for life. Its main benefit is to shape our bodies and keep us fit without burdening the joints, making it suitable for all ages. It can be particularly beneficial in numerous health conditions, although in those cases we advise to consult a medical specialist.<\/p>\n<\/div>\n\n\n\n<div class=\"wp-block-column is-vertically-aligned-center is-layout-flow wp-block-column-is-layout-flow\">\n<figure class=\"wp-block-image size-large\"><img loading=\"lazy\" decoding=\"async\" width=\"1024\" height=\"683\" src=\"https:\/\/aquamaze.hu\/wp-content\/uploads\/2023\/09\/idosek-1024x683.jpg\" alt=\"\" class=\"wp-image-844\" style=\"object-fit:cover\" srcset=\"https:\/\/aquamaze.hu\/wp-content\/uploads\/2023\/09\/idosek-1024x683.jpg 1024w, https:\/\/aquamaze.hu\/wp-content\/uploads\/2023\/09\/idosek-300x200.jpg 300w, https:\/\/aquamaze.hu\/wp-content\/uploads\/2023\/09\/idosek-768x513.jpg 768w, https:\/\/aquamaze.hu\/wp-content\/uploads\/2023\/09\/idosek-1536x1025.jpg 1536w, https:\/\/aquamaze.hu\/wp-content\/uploads\/2023\/09\/idosek-2048x1367.jpg 2048w, https:\/\/aquamaze.hu\/wp-content\/uploads\/2023\/09\/idosek-18x12.jpg 18w, https:\/\/aquamaze.hu\/wp-content\/uploads\/2023\/09\/idosek-930x620.jpg 930w\" sizes=\"auto, (max-width: 1024px) 100vw, 1024px\" \/><\/figure>\n\n\n\n<p><\/p>\n<\/div>\n<\/div>\n\n\n\n<p>&nbsp;We adjust the dynamics of our aqua gymnastics sessions to the general health condition of our guests, their actual mood and fitness, to ensure that everyone involved would leave feeling more fit, recharged and energized, with the sensation of achievement on both an individual and group level. The mission of AQUAMAZE senior program is to increase the lifespan and improve the life quality of elderly people, and above all, to develop motivation and perspective that makes each day worth living for.<\/p>\n\n\n\n<div style=\"height:75px\" aria-hidden=\"true\" id=\"szuloi_kozossegek\" class=\"wp-block-spacer\"><\/div>\n\n\n\n<h3 class=\"wp-block-heading has-neve-text-color-color has-text-color\">Parent communities<\/h3>\n\n\n\n<p class=\"has-neve-text-color-color has-text-color\">Just as our body and mind need special care, so do our social connections and communities. The AQUAMAZE Health-Promoting and Community-Building program offers these simultaneously.<\/p>\n\n\n\n<p class=\"has-neve-text-color-color has-text-color\">As caring parents, we pay close attention to our children\u2019s health and regular exercise, and we encourage them to form and nurture friendships outside the classrooms, too. Perhaps, the way we could do even more for our children is by setting a good example and allowing ourselves the same, leading a health-conscious lifestyle. Regular physical activity, unwinding stress, the experience of music and water combined with a social get-together all contributes to this. We work with the AQUAMAZE method, influenced by the Japanese Ikigai philosophy, in the forms of aqua fitness, aqua training and aqua dance. We offer a regular exercise program that burns calories and tones muscles without burdening the joints, while  fostering community-feeling and offering active relaxation.<\/p>\n\n\n\n<div class=\"wp-block-columns is-layout-flex wp-container-core-columns-is-layout-9d6595d7 wp-block-columns-is-layout-flex\">\n<div class=\"wp-block-column is-layout-flow wp-block-column-is-layout-flow\">\n<figure class=\"wp-block-image size-large\"><img loading=\"lazy\" decoding=\"async\" width=\"1024\" height=\"1024\" src=\"https:\/\/aquamaze.hu\/wp-content\/uploads\/2023\/10\/logo_combined-1024x1024.jpg\" alt=\"\" class=\"wp-image-920\" style=\"object-fit:cover\" srcset=\"https:\/\/aquamaze.hu\/wp-content\/uploads\/2023\/10\/logo_combined-1024x1024.jpg 1024w, https:\/\/aquamaze.hu\/wp-content\/uploads\/2023\/10\/logo_combined-300x300.jpg 300w, https:\/\/aquamaze.hu\/wp-content\/uploads\/2023\/10\/logo_combined-150x150.jpg 150w, https:\/\/aquamaze.hu\/wp-content\/uploads\/2023\/10\/logo_combined-768x768.jpg 768w, https:\/\/aquamaze.hu\/wp-content\/uploads\/2023\/10\/logo_combined-12x12.jpg 12w, https:\/\/aquamaze.hu\/wp-content\/uploads\/2023\/10\/logo_combined.jpg 1080w\" sizes=\"auto, (max-width: 1024px) 100vw, 1024px\" \/><\/figure>\n<\/div>\n\n\n\n<div class=\"wp-block-column is-vertically-aligned-center is-layout-flow wp-block-column-is-layout-flow\">\n<p class=\"has-neve-text-color-color has-text-color\">Communities of children form -tighter or looser- communities of parents. Cooperative parent communities:<\/p>\n\n\n\n<ul class=\"wp-block-list has-neve-text-color-color has-text-color\">\n<li>are more efficient and inventive when sharing and accessing useful information,<\/li>\n\n\n\n<li>may solve the logistical challenges of their children\u2019s school life (just think about after school activities)<\/li>\n\n\n\n<li>can easily gain social capital,<\/li>\n\n\n\n<li>experience the sense of community on a higher level,<\/li>\n\n\n\n<li>may enrich their own everyday lives as well as the lives of their children, their teachers and fellow parents,<\/li>\n\n\n\n<li>may enhance the success and popularity of the educational institution.<\/li>\n<\/ul>\n<\/div>\n<\/div>\n\n\n\n<div style=\"height:75px\" aria-hidden=\"true\" id=\"mindenkinek\" class=\"wp-block-spacer\"><\/div>\n\n\n\n<h3 class=\"wp-block-heading has-neve-text-color-color has-text-color\">Everyone<\/h3>\n\n\n\n<p class=\"has-neve-text-color-color has-text-color\">Both our body and mind deserves a little care. Regular exercise and a balanced diet is as beneficial to our body as good company and a fun time to our minds.&nbsp;<\/p>\n\n\n\n<p class=\"has-neve-text-color-color has-text-color\">With health-consciousness and prevention in our focus, AQUAMAZE offers regular exercises in water during which our guests can overcome the challenges of workout in an enjoyable environment together with good company. We combine the AQUAMAZE program and the Japanese Ikigai philosophy in the forms of aqua training, aqua fitness and aqua dance, to create the most effective and enjoyable exercise forms in water.<\/p>\n\n\n\n<div class=\"wp-block-columns are-vertically-aligned-center is-layout-flex wp-container-core-columns-is-layout-9d6595d7 wp-block-columns-is-layout-flex\">\n<div class=\"wp-block-column is-vertically-aligned-center has-neve-text-color-color has-text-color is-layout-flow wp-block-column-is-layout-flow\" style=\"flex-basis:33.33%\">\n<p class=\"has-text-align-left has-neve-text-color-color has-text-color\">We can warmly recommend the AQUAMAZE experience-based aqua gymnastic program to everyone:<\/p>\n\n\n\n<ul class=\"wp-block-list\">\n<li>it is particularly beneficial to those adults who do sedentary work, struggle with posture problems, and\/or lead a stressful life with limited exercise,<\/li>\n\n\n\n<li>It is also highly recommended to young people who do not engage in competitive sports but wish to exercise regularly to stay healthy and in a good shape,<\/li>\n\n\n\n<li>It is especially useful for those struggling with their weight,<\/li>\n\n\n\n<li>for elderly people it would be hard to find a more suitable and enjoyable form of group exercise.<\/li>\n<\/ul>\n<\/div>\n\n\n\n<div class=\"wp-block-column is-vertically-aligned-center is-layout-flow wp-block-column-is-layout-flow\" style=\"flex-basis:66.66%\">\n<figure class=\"wp-block-image size-large\"><img loading=\"lazy\" decoding=\"async\" width=\"1024\" height=\"680\" src=\"https:\/\/aquamaze.hu\/wp-content\/uploads\/2023\/09\/szolgaltatasok-1024x680.jpg\" alt=\"\" class=\"wp-image-902\" srcset=\"https:\/\/aquamaze.hu\/wp-content\/uploads\/2023\/09\/szolgaltatasok-1024x680.jpg 1024w, https:\/\/aquamaze.hu\/wp-content\/uploads\/2023\/09\/szolgaltatasok-300x199.jpg 300w, https:\/\/aquamaze.hu\/wp-content\/uploads\/2023\/09\/szolgaltatasok-768x510.jpg 768w, https:\/\/aquamaze.hu\/wp-content\/uploads\/2023\/09\/szolgaltatasok-1536x1020.jpg 1536w, https:\/\/aquamaze.hu\/wp-content\/uploads\/2023\/09\/szolgaltatasok-2048x1360.jpg 2048w, https:\/\/aquamaze.hu\/wp-content\/uploads\/2023\/09\/szolgaltatasok-18x12.jpg 18w\" sizes=\"auto, (max-width: 1024px) 100vw, 1024px\" \/><\/figure>\n\n\n\n<p><\/p>\n<\/div>\n<\/div>\n\n\n\n<p class=\"has-neve-text-color-color has-text-color\">We truly believe, that the power of community during a group exercise boosts the guests\u2019 individual motivation, allowing them to achieve better workout results. The purpose of aqua gymnastics, however, is not to attain unattainable workout goals, but to incorporate regular enjoyable exercise into our daily routine, to maintain fitness and a healthy lifestyle, to release daily stress, not to mention burning calories, toning muscles or even detoxification. The greatest advantage of exercising in water is that it forms the body and strengthens muscles without burdening the joints, making it suitable for any age groups. It can be especially beneficial in the case of various health problems and a crucial part of recovery after sport injuries or medical surgeries, although in such cases we suggest to consult a specialist.<\/p>\n\n\n\n<div style=\"height:50px\" aria-hidden=\"true\" class=\"wp-block-spacer\"><\/div>\n<\/div><\/div>\n<\/div><\/div>","protected":false},"excerpt":{"rendered":"","protected":false},"author":1,"featured_media":0,"parent":0,"menu_order":0,"comment_status":"closed","ping_status":"closed","template":"","meta":{"neve_meta_sidebar":"default","neve_meta_container":"","neve_meta_enable_content_width":"on","neve_meta_content_width":100,"neve_meta_title_alignment":"","neve_meta_author_avatar":"","neve_post_elements_order":"","neve_meta_disable_header":"","neve_meta_disable_footer":"","neve_meta_disable_title":"on","neve_meta_reading_time":"","_themeisle_gutenberg_block_has_review":false,"footnotes":""},"class_list":["post-481","page","type-page","status-publish","hentry"],"yoast_head":"<!-- This site is optimized with the Yoast SEO plugin v27.4 - https:\/\/yoast.com\/product\/yoast-seo-wordpress\/ -->\n<title>Aquamaze - Szolg\u00e1ltat\u00e1sok k\u00f6z\u00f6ss\u00e9geknek<\/title>\n<meta name=\"description\" content=\"Aqua fitness uszodai szolg\u00e1ltat\u00e1sok ter\u00e9n az AquaMaze Magyarorsz\u00e1gon a legjobb.\" \/>\n<meta name=\"robots\" content=\"index, follow, max-snippet:-1, max-image-preview:large, max-video-preview:-1\" \/>\n<link rel=\"canonical\" href=\"https:\/\/aquamaze.hu\/en\/szolgaltatasok-kozossegeknek\/\" \/>\n<meta property=\"og:locale\" content=\"en_GB\" \/>\n<meta property=\"og:type\" content=\"article\" \/>\n<meta property=\"og:title\" content=\"Aquamaze - Szolg\u00e1ltat\u00e1sok k\u00f6z\u00f6ss\u00e9geknek\" \/>\n<meta property=\"og:description\" content=\"Aqua fitness uszodai szolg\u00e1ltat\u00e1sok ter\u00e9n az AquaMaze Magyarorsz\u00e1gon a legjobb.\" \/>\n<meta property=\"og:url\" content=\"https:\/\/aquamaze.hu\/en\/szolgaltatasok-kozossegeknek\/\" \/>\n<meta property=\"og:site_name\" content=\"Aquamaze\" \/>\n<meta property=\"article:modified_time\" content=\"2025-08-30T10:14:37+00:00\" \/>\n<meta property=\"og:image\" content=\"https:\/\/aquamaze.hu\/wp-content\/uploads\/2023\/09\/egyetemi-scaled.jpg\" \/>\n\t<meta property=\"og:image:width\" content=\"2560\" \/>\n\t<meta property=\"og:image:height\" content=\"1600\" \/>\n\t<meta property=\"og:image:type\" content=\"image\/jpeg\" \/>\n<meta name=\"twitter:card\" content=\"summary_large_image\" \/>\n<meta name=\"twitter:label1\" content=\"Estimated reading time\" \/>\n\t<meta name=\"twitter:data1\" content=\"6 minutes\" \/>\n<script type=\"application\/ld+json\" class=\"yoast-schema-graph\">{\"@context\":\"https:\\\/\\\/schema.org\",\"@graph\":[{\"@type\":\"WebPage\",\"@id\":\"https:\\\/\\\/aquamaze.hu\\\/szolgaltatasok-kozossegeknek\\\/\",\"url\":\"https:\\\/\\\/aquamaze.hu\\\/szolgaltatasok-kozossegeknek\\\/\",\"name\":\"Aquamaze - Szolg\u00e1ltat\u00e1sok k\u00f6z\u00f6ss\u00e9geknek\",\"isPartOf\":{\"@id\":\"https:\\\/\\\/aquamaze.hu\\\/#website\"},\"primaryImageOfPage\":{\"@id\":\"https:\\\/\\\/aquamaze.hu\\\/szolgaltatasok-kozossegeknek\\\/#primaryimage\"},\"image\":{\"@id\":\"https:\\\/\\\/aquamaze.hu\\\/szolgaltatasok-kozossegeknek\\\/#primaryimage\"},\"thumbnailUrl\":\"https:\\\/\\\/aquamaze.hu\\\/wp-content\\\/uploads\\\/2023\\\/09\\\/egyetemi-1024x640.jpg\",\"datePublished\":\"2023-09-14T14:27:05+00:00\",\"dateModified\":\"2025-08-30T10:14:37+00:00\",\"description\":\"Aqua fitness uszodai szolg\u00e1ltat\u00e1sok ter\u00e9n az AquaMaze Magyarorsz\u00e1gon a legjobb.\",\"breadcrumb\":{\"@id\":\"https:\\\/\\\/aquamaze.hu\\\/szolgaltatasok-kozossegeknek\\\/#breadcrumb\"},\"inLanguage\":\"en-GB\",\"potentialAction\":[{\"@type\":\"ReadAction\",\"target\":[\"https:\\\/\\\/aquamaze.hu\\\/szolgaltatasok-kozossegeknek\\\/\"]}]},{\"@type\":\"ImageObject\",\"inLanguage\":\"en-GB\",\"@id\":\"https:\\\/\\\/aquamaze.hu\\\/szolgaltatasok-kozossegeknek\\\/#primaryimage\",\"url\":\"https:\\\/\\\/aquamaze.hu\\\/wp-content\\\/uploads\\\/2023\\\/09\\\/egyetemi-1024x640.jpg\",\"contentUrl\":\"https:\\\/\\\/aquamaze.hu\\\/wp-content\\\/uploads\\\/2023\\\/09\\\/egyetemi-1024x640.jpg\"},{\"@type\":\"BreadcrumbList\",\"@id\":\"https:\\\/\\\/aquamaze.hu\\\/szolgaltatasok-kozossegeknek\\\/#breadcrumb\",\"itemListElement\":[{\"@type\":\"ListItem\",\"position\":1,\"name\":\"Home\",\"item\":\"https:\\\/\\\/aquamaze.hu\\\/\"},{\"@type\":\"ListItem\",\"position\":2,\"name\":\"Szolg\u00e1ltat\u00e1sok k\u00f6z\u00f6ss\u00e9geknek\"}]},{\"@type\":\"WebSite\",\"@id\":\"https:\\\/\\\/aquamaze.hu\\\/#website\",\"url\":\"https:\\\/\\\/aquamaze.hu\\\/\",\"name\":\"Aquamaze\",\"description\":\"\",\"publisher\":{\"@id\":\"https:\\\/\\\/aquamaze.hu\\\/#organization\"},\"potentialAction\":[{\"@type\":\"SearchAction\",\"target\":{\"@type\":\"EntryPoint\",\"urlTemplate\":\"https:\\\/\\\/aquamaze.hu\\\/?s={search_term_string}\"},\"query-input\":{\"@type\":\"PropertyValueSpecification\",\"valueRequired\":true,\"valueName\":\"search_term_string\"}}],\"inLanguage\":\"en-GB\"},{\"@type\":\"Organization\",\"@id\":\"https:\\\/\\\/aquamaze.hu\\\/#organization\",\"name\":\"Aquamaze\",\"url\":\"https:\\\/\\\/aquamaze.hu\\\/\",\"logo\":{\"@type\":\"ImageObject\",\"inLanguage\":\"en-GB\",\"@id\":\"https:\\\/\\\/aquamaze.hu\\\/#\\\/schema\\\/logo\\\/image\\\/\",\"url\":\"https:\\\/\\\/aquamaze.hu\\\/wp-content\\\/uploads\\\/2023\\\/09\\\/logo-scaled.jpg\",\"contentUrl\":\"https:\\\/\\\/aquamaze.hu\\\/wp-content\\\/uploads\\\/2023\\\/09\\\/logo-scaled.jpg\",\"width\":2560,\"height\":2560,\"caption\":\"Aquamaze\"},\"image\":{\"@id\":\"https:\\\/\\\/aquamaze.hu\\\/#\\\/schema\\\/logo\\\/image\\\/\"}}]}<\/script>\n<!-- \/ Yoast SEO plugin. -->","yoast_head_json":{"title":"Aquamaze - Szolg\u00e1ltat\u00e1sok k\u00f6z\u00f6ss\u00e9geknek","description":"Aqua fitness uszodai szolg\u00e1ltat\u00e1sok ter\u00e9n az AquaMaze Magyarorsz\u00e1gon a legjobb.","robots":{"index":"index","follow":"follow","max-snippet":"max-snippet:-1","max-image-preview":"max-image-preview:large","max-video-preview":"max-video-preview:-1"},"canonical":"https:\/\/aquamaze.hu\/en\/szolgaltatasok-kozossegeknek\/","og_locale":"en_GB","og_type":"article","og_title":"Aquamaze - Szolg\u00e1ltat\u00e1sok k\u00f6z\u00f6ss\u00e9geknek","og_description":"Aqua fitness uszodai szolg\u00e1ltat\u00e1sok ter\u00e9n az AquaMaze Magyarorsz\u00e1gon a legjobb.","og_url":"https:\/\/aquamaze.hu\/en\/szolgaltatasok-kozossegeknek\/","og_site_name":"Aquamaze","article_modified_time":"2025-08-30T10:14:37+00:00","og_image":[{"width":2560,"height":1600,"url":"https:\/\/aquamaze.hu\/wp-content\/uploads\/2023\/09\/egyetemi-scaled.jpg","type":"image\/jpeg"}],"twitter_card":"summary_large_image","twitter_misc":{"Estimated reading time":"6 minutes"},"schema":{"@context":"https:\/\/schema.org","@graph":[{"@type":"WebPage","@id":"https:\/\/aquamaze.hu\/szolgaltatasok-kozossegeknek\/","url":"https:\/\/aquamaze.hu\/szolgaltatasok-kozossegeknek\/","name":"Aquamaze - Szolg\u00e1ltat\u00e1sok k\u00f6z\u00f6ss\u00e9geknek","isPartOf":{"@id":"https:\/\/aquamaze.hu\/#website"},"primaryImageOfPage":{"@id":"https:\/\/aquamaze.hu\/szolgaltatasok-kozossegeknek\/#primaryimage"},"image":{"@id":"https:\/\/aquamaze.hu\/szolgaltatasok-kozossegeknek\/#primaryimage"},"thumbnailUrl":"https:\/\/aquamaze.hu\/wp-content\/uploads\/2023\/09\/egyetemi-1024x640.jpg","datePublished":"2023-09-14T14:27:05+00:00","dateModified":"2025-08-30T10:14:37+00:00","description":"Aqua fitness uszodai szolg\u00e1ltat\u00e1sok ter\u00e9n az AquaMaze Magyarorsz\u00e1gon a legjobb.","breadcrumb":{"@id":"https:\/\/aquamaze.hu\/szolgaltatasok-kozossegeknek\/#breadcrumb"},"inLanguage":"en-GB","potentialAction":[{"@type":"ReadAction","target":["https:\/\/aquamaze.hu\/szolgaltatasok-kozossegeknek\/"]}]},{"@type":"ImageObject","inLanguage":"en-GB","@id":"https:\/\/aquamaze.hu\/szolgaltatasok-kozossegeknek\/#primaryimage","url":"https:\/\/aquamaze.hu\/wp-content\/uploads\/2023\/09\/egyetemi-1024x640.jpg","contentUrl":"https:\/\/aquamaze.hu\/wp-content\/uploads\/2023\/09\/egyetemi-1024x640.jpg"},{"@type":"BreadcrumbList","@id":"https:\/\/aquamaze.hu\/szolgaltatasok-kozossegeknek\/#breadcrumb","itemListElement":[{"@type":"ListItem","position":1,"name":"Home","item":"https:\/\/aquamaze.hu\/"},{"@type":"ListItem","position":2,"name":"Szolg\u00e1ltat\u00e1sok k\u00f6z\u00f6ss\u00e9geknek"}]},{"@type":"WebSite","@id":"https:\/\/aquamaze.hu\/#website","url":"https:\/\/aquamaze.hu\/","name":"Aquamaze","description":"","publisher":{"@id":"https:\/\/aquamaze.hu\/#organization"},"potentialAction":[{"@type":"SearchAction","target":{"@type":"EntryPoint","urlTemplate":"https:\/\/aquamaze.hu\/?s={search_term_string}"},"query-input":{"@type":"PropertyValueSpecification","valueRequired":true,"valueName":"search_term_string"}}],"inLanguage":"en-GB"},{"@type":"Organization","@id":"https:\/\/aquamaze.hu\/#organization","name":"Aquamaze","url":"https:\/\/aquamaze.hu\/","logo":{"@type":"ImageObject","inLanguage":"en-GB","@id":"https:\/\/aquamaze.hu\/#\/schema\/logo\/image\/","url":"https:\/\/aquamaze.hu\/wp-content\/uploads\/2023\/09\/logo-scaled.jpg","contentUrl":"https:\/\/aquamaze.hu\/wp-content\/uploads\/2023\/09\/logo-scaled.jpg","width":2560,"height":2560,"caption":"Aquamaze"},"image":{"@id":"https:\/\/aquamaze.hu\/#\/schema\/logo\/image\/"}}]}},"_links":{"self":[{"href":"https:\/\/aquamaze.hu\/en\/wp-json\/wp\/v2\/pages\/481","targetHints":{"allow":["GET"]}}],"collection":[{"href":"https:\/\/aquamaze.hu\/en\/wp-json\/wp\/v2\/pages"}],"about":[{"href":"https:\/\/aquamaze.hu\/en\/wp-json\/wp\/v2\/types\/page"}],"author":[{"embeddable":true,"href":"https:\/\/aquamaze.hu\/en\/wp-json\/wp\/v2\/users\/1"}],"replies":[{"embeddable":true,"href":"https:\/\/aquamaze.hu\/en\/wp-json\/wp\/v2\/comments?post=481"}],"version-history":[{"count":0,"href":"https:\/\/aquamaze.hu\/en\/wp-json\/wp\/v2\/pages\/481\/revisions"}],"wp:attachment":[{"href":"https:\/\/aquamaze.hu\/en\/wp-json\/wp\/v2\/media?parent=481"}],"curies":[{"name":"wp","href":"https:\/\/api.w.org\/{rel}","templated":true}]}}