{"id":545,"date":"2023-09-14T20:19:08","date_gmt":"2023-09-14T18:19:08","guid":{"rendered":"https:\/\/aquamaze.hu\/?page_id=545"},"modified":"2023-09-27T19:22:17","modified_gmt":"2023-09-27T17:22:17","slug":"az-aquamaze-alapitasanak-gondolata","status":"publish","type":"page","link":"https:\/\/aquamaze.hu\/en\/az-aquamaze-alapitasanak-gondolata\/","title":{"rendered":"The concept behind founding AQUAMAZE"},"content":{"rendered":"<div class=\"wp-block-cover alignfull is-light\" style=\"min-height:600px;aspect-ratio:unset;\"><span aria-hidden=\"true\" class=\"wp-block-cover__background has-nv-light-bg-background-color has-background-dim\"><\/span><img loading=\"lazy\" decoding=\"async\" width=\"2560\" height=\"1709\" class=\"wp-block-cover__image-background wp-image-825\" alt=\"\" src=\"https:\/\/aquamaze.hu\/wp-content\/uploads\/2023\/09\/alapito-scaled.jpg\" data-object-fit=\"cover\" srcset=\"https:\/\/aquamaze.hu\/wp-content\/uploads\/2023\/09\/alapito-scaled.jpg 2560w, https:\/\/aquamaze.hu\/wp-content\/uploads\/2023\/09\/alapito-300x200.jpg 300w, https:\/\/aquamaze.hu\/wp-content\/uploads\/2023\/09\/alapito-1024x684.jpg 1024w, https:\/\/aquamaze.hu\/wp-content\/uploads\/2023\/09\/alapito-768x513.jpg 768w, https:\/\/aquamaze.hu\/wp-content\/uploads\/2023\/09\/alapito-1536x1025.jpg 1536w, https:\/\/aquamaze.hu\/wp-content\/uploads\/2023\/09\/alapito-2048x1367.jpg 2048w, https:\/\/aquamaze.hu\/wp-content\/uploads\/2023\/09\/alapito-18x12.jpg 18w, https:\/\/aquamaze.hu\/wp-content\/uploads\/2023\/09\/alapito-930x620.jpg 930w\" sizes=\"auto, (max-width: 2560px) 100vw, 2560px\" \/><div class=\"wp-block-cover__inner-container is-layout-flow wp-block-cover-is-layout-flow\">\n<div class=\"wp-block-group\"><div class=\"wp-block-group__inner-container is-layout-flow wp-block-group-is-layout-flow\">\n<div style=\"height:100px\" aria-hidden=\"true\" class=\"wp-block-spacer\"><\/div>\n\n\n\n<h2 class=\"wp-block-heading has-neve-text-color-color has-text-color\">The concept behind founding AQUAMAZE<\/h2>\n<\/div><\/div>\n\n\n\n<figure class=\"wp-block-pullquote has-neve-text-color-color has-text-color has-small-font-size\" style=\"border-style:none;border-width:0px;border-radius:0px\"><blockquote><p><em>\u201cIt has been a long journey for me to find my personal professional mission. I began my career in project management in the banking sector. I have carried out international and domestic projects, established successful collaborations, developed effective processes, and even built up project offices and compliance areas. After the birth of my two sons, I enjoyed wonderful years with them, away from the corporate world. Later on, I resumed my career in the corporate sector as a consultant, first in project and resource management, and then in business development. My current values and recent personal experiences motivate me to create socially useful values, - utilizing my professional experiences, knowledge and abilities, I strive to help as many people as possible with health-awareness and prevention, by providing services of high-quality and integrity, so that I can be proud of myself even in front of my sons  - and they set the bar really high\u2026\u201d<\/em><\/p><cite><strong>LJ<\/strong><\/cite><\/blockquote><\/figure>\n<\/div><\/div>","protected":false},"excerpt":{"rendered":"","protected":false},"author":1,"featured_media":0,"parent":0,"menu_order":0,"comment_status":"closed","ping_status":"closed","template":"","meta":{"neve_meta_sidebar":"default","neve_meta_container":"","neve_meta_enable_content_width":"on","neve_meta_content_width":100,"neve_meta_title_alignment":"","neve_meta_author_avatar":"","neve_post_elements_order":"","neve_meta_disable_header":"","neve_meta_disable_footer":"","neve_meta_disable_title":"on","neve_meta_reading_time":"","_themeisle_gutenberg_block_has_review":false,"footnotes":""},"class_list":["post-545","page","type-page","status-publish","hentry"],"yoast_head":"<!-- This site is optimized with the Yoast SEO plugin v27.4 - https:\/\/yoast.com\/product\/yoast-seo-wordpress\/ -->\n<title>Aquamaze - Az Aquamaze alap\u00edt\u00e1s\u00e1nak gondolata<\/title>\n<meta name=\"description\" content=\"Aqua fitness uszodai szolg\u00e1ltat\u00e1sok ter\u00e9n az AquaMaze Magyarorsz\u00e1gon a legjobb.\" \/>\n<meta name=\"robots\" content=\"index, follow, max-snippet:-1, max-image-preview:large, max-video-preview:-1\" \/>\n<link rel=\"canonical\" href=\"https:\/\/aquamaze.hu\/en\/az-aquamaze-alapitasanak-gondolata\/\" \/>\n<meta property=\"og:locale\" content=\"en_GB\" \/>\n<meta property=\"og:type\" content=\"article\" \/>\n<meta property=\"og:title\" content=\"Aquamaze - Az Aquamaze alap\u00edt\u00e1s\u00e1nak gondolata\" \/>\n<meta property=\"og:description\" content=\"Aqua fitness uszodai szolg\u00e1ltat\u00e1sok ter\u00e9n az AquaMaze Magyarorsz\u00e1gon a legjobb.\" \/>\n<meta property=\"og:url\" content=\"https:\/\/aquamaze.hu\/en\/az-aquamaze-alapitasanak-gondolata\/\" \/>\n<meta property=\"og:site_name\" content=\"Aquamaze\" \/>\n<meta property=\"article:modified_time\" content=\"2023-09-27T17:22:17+00:00\" \/>\n<meta property=\"og:image\" content=\"https:\/\/aquamaze.hu\/wp-content\/uploads\/2023\/09\/alapito-scaled.jpg\" \/>\n<meta name=\"twitter:card\" content=\"summary_large_image\" \/>\n<meta name=\"twitter:label1\" content=\"Estimated reading time\" \/>\n\t<meta name=\"twitter:data1\" content=\"1 minute\" \/>\n<script type=\"application\/ld+json\" class=\"yoast-schema-graph\">{\"@context\":\"https:\\\/\\\/schema.org\",\"@graph\":[{\"@type\":\"WebPage\",\"@id\":\"https:\\\/\\\/aquamaze.hu\\\/az-aquamaze-alapitasanak-gondolata\\\/\",\"url\":\"https:\\\/\\\/aquamaze.hu\\\/az-aquamaze-alapitasanak-gondolata\\\/\",\"name\":\"Aquamaze - Az Aquamaze alap\u00edt\u00e1s\u00e1nak gondolata\",\"isPartOf\":{\"@id\":\"https:\\\/\\\/aquamaze.hu\\\/#website\"},\"primaryImageOfPage\":{\"@id\":\"https:\\\/\\\/aquamaze.hu\\\/az-aquamaze-alapitasanak-gondolata\\\/#primaryimage\"},\"image\":{\"@id\":\"https:\\\/\\\/aquamaze.hu\\\/az-aquamaze-alapitasanak-gondolata\\\/#primaryimage\"},\"thumbnailUrl\":\"https:\\\/\\\/aquamaze.hu\\\/wp-content\\\/uploads\\\/2023\\\/09\\\/alapito-scaled.jpg\",\"datePublished\":\"2023-09-14T18:19:08+00:00\",\"dateModified\":\"2023-09-27T17:22:17+00:00\",\"description\":\"Aqua fitness uszodai szolg\u00e1ltat\u00e1sok ter\u00e9n az AquaMaze Magyarorsz\u00e1gon a legjobb.\",\"breadcrumb\":{\"@id\":\"https:\\\/\\\/aquamaze.hu\\\/az-aquamaze-alapitasanak-gondolata\\\/#breadcrumb\"},\"inLanguage\":\"en-GB\",\"potentialAction\":[{\"@type\":\"ReadAction\",\"target\":[\"https:\\\/\\\/aquamaze.hu\\\/az-aquamaze-alapitasanak-gondolata\\\/\"]}]},{\"@type\":\"ImageObject\",\"inLanguage\":\"en-GB\",\"@id\":\"https:\\\/\\\/aquamaze.hu\\\/az-aquamaze-alapitasanak-gondolata\\\/#primaryimage\",\"url\":\"https:\\\/\\\/aquamaze.hu\\\/wp-content\\\/uploads\\\/2023\\\/09\\\/alapito-scaled.jpg\",\"contentUrl\":\"https:\\\/\\\/aquamaze.hu\\\/wp-content\\\/uploads\\\/2023\\\/09\\\/alapito-scaled.jpg\"},{\"@type\":\"BreadcrumbList\",\"@id\":\"https:\\\/\\\/aquamaze.hu\\\/az-aquamaze-alapitasanak-gondolata\\\/#breadcrumb\",\"itemListElement\":[{\"@type\":\"ListItem\",\"position\":1,\"name\":\"Home\",\"item\":\"https:\\\/\\\/aquamaze.hu\\\/\"},{\"@type\":\"ListItem\",\"position\":2,\"name\":\"Az Aquamaze alap\u00edt\u00e1s\u00e1nak gondolata\"}]},{\"@type\":\"WebSite\",\"@id\":\"https:\\\/\\\/aquamaze.hu\\\/#website\",\"url\":\"https:\\\/\\\/aquamaze.hu\\\/\",\"name\":\"Aquamaze\",\"description\":\"\",\"publisher\":{\"@id\":\"https:\\\/\\\/aquamaze.hu\\\/#organization\"},\"potentialAction\":[{\"@type\":\"SearchAction\",\"target\":{\"@type\":\"EntryPoint\",\"urlTemplate\":\"https:\\\/\\\/aquamaze.hu\\\/?s={search_term_string}\"},\"query-input\":{\"@type\":\"PropertyValueSpecification\",\"valueRequired\":true,\"valueName\":\"search_term_string\"}}],\"inLanguage\":\"en-GB\"},{\"@type\":\"Organization\",\"@id\":\"https:\\\/\\\/aquamaze.hu\\\/#organization\",\"name\":\"Aquamaze\",\"url\":\"https:\\\/\\\/aquamaze.hu\\\/\",\"logo\":{\"@type\":\"ImageObject\",\"inLanguage\":\"en-GB\",\"@id\":\"https:\\\/\\\/aquamaze.hu\\\/#\\\/schema\\\/logo\\\/image\\\/\",\"url\":\"https:\\\/\\\/aquamaze.hu\\\/wp-content\\\/uploads\\\/2023\\\/09\\\/logo-scaled.jpg\",\"contentUrl\":\"https:\\\/\\\/aquamaze.hu\\\/wp-content\\\/uploads\\\/2023\\\/09\\\/logo-scaled.jpg\",\"width\":2560,\"height\":2560,\"caption\":\"Aquamaze\"},\"image\":{\"@id\":\"https:\\\/\\\/aquamaze.hu\\\/#\\\/schema\\\/logo\\\/image\\\/\"}}]}<\/script>\n<!-- \/ Yoast SEO plugin. -->","yoast_head_json":{"title":"Aquamaze - Az Aquamaze alap\u00edt\u00e1s\u00e1nak gondolata","description":"Aqua fitness uszodai szolg\u00e1ltat\u00e1sok ter\u00e9n az AquaMaze Magyarorsz\u00e1gon a legjobb.","robots":{"index":"index","follow":"follow","max-snippet":"max-snippet:-1","max-image-preview":"max-image-preview:large","max-video-preview":"max-video-preview:-1"},"canonical":"https:\/\/aquamaze.hu\/en\/az-aquamaze-alapitasanak-gondolata\/","og_locale":"en_GB","og_type":"article","og_title":"Aquamaze - Az Aquamaze alap\u00edt\u00e1s\u00e1nak gondolata","og_description":"Aqua fitness uszodai szolg\u00e1ltat\u00e1sok ter\u00e9n az AquaMaze Magyarorsz\u00e1gon a legjobb.","og_url":"https:\/\/aquamaze.hu\/en\/az-aquamaze-alapitasanak-gondolata\/","og_site_name":"Aquamaze","article_modified_time":"2023-09-27T17:22:17+00:00","og_image":[{"url":"https:\/\/aquamaze.hu\/wp-content\/uploads\/2023\/09\/alapito-scaled.jpg","type":"","width":"","height":""}],"twitter_card":"summary_large_image","twitter_misc":{"Estimated reading time":"1 minute"},"schema":{"@context":"https:\/\/schema.org","@graph":[{"@type":"WebPage","@id":"https:\/\/aquamaze.hu\/az-aquamaze-alapitasanak-gondolata\/","url":"https:\/\/aquamaze.hu\/az-aquamaze-alapitasanak-gondolata\/","name":"Aquamaze - Az Aquamaze alap\u00edt\u00e1s\u00e1nak gondolata","isPartOf":{"@id":"https:\/\/aquamaze.hu\/#website"},"primaryImageOfPage":{"@id":"https:\/\/aquamaze.hu\/az-aquamaze-alapitasanak-gondolata\/#primaryimage"},"image":{"@id":"https:\/\/aquamaze.hu\/az-aquamaze-alapitasanak-gondolata\/#primaryimage"},"thumbnailUrl":"https:\/\/aquamaze.hu\/wp-content\/uploads\/2023\/09\/alapito-scaled.jpg","datePublished":"2023-09-14T18:19:08+00:00","dateModified":"2023-09-27T17:22:17+00:00","description":"Aqua fitness uszodai szolg\u00e1ltat\u00e1sok ter\u00e9n az AquaMaze Magyarorsz\u00e1gon a legjobb.","breadcrumb":{"@id":"https:\/\/aquamaze.hu\/az-aquamaze-alapitasanak-gondolata\/#breadcrumb"},"inLanguage":"en-GB","potentialAction":[{"@type":"ReadAction","target":["https:\/\/aquamaze.hu\/az-aquamaze-alapitasanak-gondolata\/"]}]},{"@type":"ImageObject","inLanguage":"en-GB","@id":"https:\/\/aquamaze.hu\/az-aquamaze-alapitasanak-gondolata\/#primaryimage","url":"https:\/\/aquamaze.hu\/wp-content\/uploads\/2023\/09\/alapito-scaled.jpg","contentUrl":"https:\/\/aquamaze.hu\/wp-content\/uploads\/2023\/09\/alapito-scaled.jpg"},{"@type":"BreadcrumbList","@id":"https:\/\/aquamaze.hu\/az-aquamaze-alapitasanak-gondolata\/#breadcrumb","itemListElement":[{"@type":"ListItem","position":1,"name":"Home","item":"https:\/\/aquamaze.hu\/"},{"@type":"ListItem","position":2,"name":"Az Aquamaze alap\u00edt\u00e1s\u00e1nak gondolata"}]},{"@type":"WebSite","@id":"https:\/\/aquamaze.hu\/#website","url":"https:\/\/aquamaze.hu\/","name":"Aquamaze","description":"","publisher":{"@id":"https:\/\/aquamaze.hu\/#organization"},"potentialAction":[{"@type":"SearchAction","target":{"@type":"EntryPoint","urlTemplate":"https:\/\/aquamaze.hu\/?s={search_term_string}"},"query-input":{"@type":"PropertyValueSpecification","valueRequired":true,"valueName":"search_term_string"}}],"inLanguage":"en-GB"},{"@type":"Organization","@id":"https:\/\/aquamaze.hu\/#organization","name":"Aquamaze","url":"https:\/\/aquamaze.hu\/","logo":{"@type":"ImageObject","inLanguage":"en-GB","@id":"https:\/\/aquamaze.hu\/#\/schema\/logo\/image\/","url":"https:\/\/aquamaze.hu\/wp-content\/uploads\/2023\/09\/logo-scaled.jpg","contentUrl":"https:\/\/aquamaze.hu\/wp-content\/uploads\/2023\/09\/logo-scaled.jpg","width":2560,"height":2560,"caption":"Aquamaze"},"image":{"@id":"https:\/\/aquamaze.hu\/#\/schema\/logo\/image\/"}}]}},"_links":{"self":[{"href":"https:\/\/aquamaze.hu\/en\/wp-json\/wp\/v2\/pages\/545","targetHints":{"allow":["GET"]}}],"collection":[{"href":"https:\/\/aquamaze.hu\/en\/wp-json\/wp\/v2\/pages"}],"about":[{"href":"https:\/\/aquamaze.hu\/en\/wp-json\/wp\/v2\/types\/page"}],"author":[{"embeddable":true,"href":"https:\/\/aquamaze.hu\/en\/wp-json\/wp\/v2\/users\/1"}],"replies":[{"embeddable":true,"href":"https:\/\/aquamaze.hu\/en\/wp-json\/wp\/v2\/comments?post=545"}],"version-history":[{"count":0,"href":"https:\/\/aquamaze.hu\/en\/wp-json\/wp\/v2\/pages\/545\/revisions"}],"wp:attachment":[{"href":"https:\/\/aquamaze.hu\/en\/wp-json\/wp\/v2\/media?parent=545"}],"curies":[{"name":"wp","href":"https:\/\/api.w.org\/{rel}","templated":true}]}}