{"id":699,"date":"2023-09-18T11:54:59","date_gmt":"2023-09-18T09:54:59","guid":{"rendered":"https:\/\/aquamaze.hu\/?page_id=699"},"modified":"2025-12-17T11:56:08","modified_gmt":"2025-12-17T10:56:08","slug":"kapcsolat","status":"publish","type":"page","link":"https:\/\/aquamaze.hu\/en\/kapcsolat\/","title":{"rendered":"Contacts"},"content":{"rendered":"\n<div class=\"wp-block-cover alignfull\" style=\"min-height:600px;aspect-ratio:unset;\"><span aria-hidden=\"true\" class=\"wp-block-cover__background has-nv-light-bg-background-color has-background-dim-100 has-background-dim\"><\/span><div class=\"wp-block-cover__inner-container is-layout-flow wp-block-cover-is-layout-flow\">\n<div class=\"wp-block-group\"><div class=\"wp-block-group__inner-container is-layout-flow wp-block-group-is-layout-flow\">\n<div style=\"height:50px\" aria-hidden=\"true\" class=\"wp-block-spacer\"><\/div>\n\n\n\n<div class=\"wp-block-columns is-layout-flex wp-container-core-columns-is-layout-9d6595d7 wp-block-columns-is-layout-flex\">\n<div class=\"wp-block-column is-layout-flow wp-block-column-is-layout-flow\" style=\"flex-basis:50%\">\n<h2 class=\"wp-block-heading has-neve-text-color-color has-text-color\">Kapcsolat<\/h2>\n\n\n<div class=\"wp-block-image is-style-rounded\">\n<figure class=\"aligncenter size-medium is-resized\"><img loading=\"lazy\" decoding=\"async\" width=\"300\" height=\"300\" src=\"https:\/\/aquamaze.hu\/wp-content\/uploads\/2023\/10\/site_icon-300x300.png\" alt=\"\" class=\"wp-image-959\" style=\"width:undefinedpx\" srcset=\"https:\/\/aquamaze.hu\/wp-content\/uploads\/2023\/10\/site_icon-300x300.png 300w, https:\/\/aquamaze.hu\/wp-content\/uploads\/2023\/10\/site_icon-150x150.png 150w, https:\/\/aquamaze.hu\/wp-content\/uploads\/2023\/10\/site_icon-12x12.png 12w, https:\/\/aquamaze.hu\/wp-content\/uploads\/2023\/10\/site_icon.png 750w\" sizes=\"auto, (max-width: 300px) 100vw, 300px\" \/><\/figure>\n<\/div>\n\n\n<div style=\"height:20px\" aria-hidden=\"true\" class=\"wp-block-spacer\"><\/div>\n\n\n\n<p class=\"has-text-align-center has-neve-text-color-color has-text-color\">K\u00fcldj\u00f6n \u00fczenetet emailben vagy az \u0171rlapon kereszt\u00fcl.<br>Munkat\u00e1rsaink hamarosan v\u00e1laszolni fognak.<\/p>\n\n\n\n<div class=\"wp-block-columns has-neve-text-color-color has-text-color is-layout-flex wp-container-core-columns-is-layout-9d6595d7 wp-block-columns-is-layout-flex\">\n<div class=\"wp-block-column is-layout-flow wp-block-column-is-layout-flow\"><\/div>\n\n\n\n<div class=\"wp-block-column is-vertically-aligned-center is-layout-flow wp-block-column-is-layout-flow\" style=\"flex-basis:200px\"><div class=\"wp-block-image\">\n<figure class=\"aligncenter size-full is-resized\"><img loading=\"lazy\" decoding=\"async\" width=\"65\" height=\"65\" src=\"https:\/\/aquamaze.hu\/wp-content\/uploads\/2021\/06\/email-sm.png\" alt=\"\" class=\"wp-image-306\" style=\"width:40px;height:undefinedpx\"\/><\/figure>\n<\/div>\n\n\n<p class=\"has-text-align-center\"><a href=\"mailto:info@aquamaze.hu\">info@aquamaze.hu<\/a><\/p>\n<\/div>\n\n\n\n<div class=\"wp-block-column is-vertically-aligned-center is-layout-flow wp-block-column-is-layout-flow\" style=\"flex-basis:200px\"><div class=\"wp-block-image\">\n<figure class=\"aligncenter size-full is-resized\"><img loading=\"lazy\" decoding=\"async\" width=\"63\" height=\"63\" src=\"https:\/\/aquamaze.hu\/wp-content\/uploads\/2021\/06\/phone-sm.png\" alt=\"\" class=\"wp-image-304\" style=\"width:40px;height:undefinedpx\"\/><\/figure>\n<\/div>\n\n\n<p class=\"has-text-align-center\"><a href=\"tel:+36306240347\">+36-30-624-0347<\/a><\/p>\n<\/div>\n\n\n\n<div class=\"wp-block-column is-layout-flow wp-block-column-is-layout-flow\"><\/div>\n<\/div>\n\n\n\n<ul class=\"wp-block-social-links has-visible-labels is-content-justification-center is-layout-flex wp-container-core-social-links-is-layout-16018d1d wp-block-social-links-is-layout-flex\"><li class=\"wp-social-link wp-social-link-facebook  wp-block-social-link\"><a rel=\"noopener nofollow\" target=\"_blank\" href=\"https:\/\/www.facebook.com\/profile.php?id=61552062493660\" class=\"wp-block-social-link-anchor\"><svg width=\"24\" height=\"24\" viewBox=\"0 0 24 24\" version=\"1.1\" xmlns=\"http:\/\/www.w3.org\/2000\/svg\" aria-hidden=\"true\" focusable=\"false\"><path d=\"M12 2C6.5 2 2 6.5 2 12c0 5 3.7 9.1 8.4 9.9v-7H7.9V12h2.5V9.8c0-2.5 1.5-3.9 3.8-3.9 1.1 0 2.2.2 2.2.2v2.5h-1.3c-1.2 0-1.6.8-1.6 1.6V12h2.8l-.4 2.9h-2.3v7C18.3 21.1 22 17 22 12c0-5.5-4.5-10-10-10z\"><\/path><\/svg><span class=\"wp-block-social-link-label\">Facebook<\/span><\/a><\/li>\n\n<li class=\"wp-social-link wp-social-link-instagram  wp-block-social-link\"><a rel=\"noopener nofollow\" target=\"_blank\" href=\"https:\/\/www.instagram.com\/aquamazefitness\/\" class=\"wp-block-social-link-anchor\"><svg width=\"24\" height=\"24\" viewBox=\"0 0 24 24\" version=\"1.1\" xmlns=\"http:\/\/www.w3.org\/2000\/svg\" aria-hidden=\"true\" focusable=\"false\"><path d=\"M12,4.622c2.403,0,2.688,0.009,3.637,0.052c0.877,0.04,1.354,0.187,1.671,0.31c0.42,0.163,0.72,0.358,1.035,0.673 c0.315,0.315,0.51,0.615,0.673,1.035c0.123,0.317,0.27,0.794,0.31,1.671c0.043,0.949,0.052,1.234,0.052,3.637 s-0.009,2.688-0.052,3.637c-0.04,0.877-0.187,1.354-0.31,1.671c-0.163,0.42-0.358,0.72-0.673,1.035 c-0.315,0.315-0.615,0.51-1.035,0.673c-0.317,0.123-0.794,0.27-1.671,0.31c-0.949,0.043-1.233,0.052-3.637,0.052 s-2.688-0.009-3.637-0.052c-0.877-0.04-1.354-0.187-1.671-0.31c-0.42-0.163-0.72-0.358-1.035-0.673 c-0.315-0.315-0.51-0.615-0.673-1.035c-0.123-0.317-0.27-0.794-0.31-1.671C4.631,14.688,4.622,14.403,4.622,12 s0.009-2.688,0.052-3.637c0.04-0.877,0.187-1.354,0.31-1.671c0.163-0.42,0.358-0.72,0.673-1.035 c0.315-0.315,0.615-0.51,1.035-0.673c0.317-0.123,0.794-0.27,1.671-0.31C9.312,4.631,9.597,4.622,12,4.622 M12,3 C9.556,3,9.249,3.01,8.289,3.054C7.331,3.098,6.677,3.25,6.105,3.472C5.513,3.702,5.011,4.01,4.511,4.511 c-0.5,0.5-0.808,1.002-1.038,1.594C3.25,6.677,3.098,7.331,3.054,8.289C3.01,9.249,3,9.556,3,12c0,2.444,0.01,2.751,0.054,3.711 c0.044,0.958,0.196,1.612,0.418,2.185c0.23,0.592,0.538,1.094,1.038,1.594c0.5,0.5,1.002,0.808,1.594,1.038 c0.572,0.222,1.227,0.375,2.185,0.418C9.249,20.99,9.556,21,12,21s2.751-0.01,3.711-0.054c0.958-0.044,1.612-0.196,2.185-0.418 c0.592-0.23,1.094-0.538,1.594-1.038c0.5-0.5,0.808-1.002,1.038-1.594c0.222-0.572,0.375-1.227,0.418-2.185 C20.99,14.751,21,14.444,21,12s-0.01-2.751-0.054-3.711c-0.044-0.958-0.196-1.612-0.418-2.185c-0.23-0.592-0.538-1.094-1.038-1.594 c-0.5-0.5-1.002-0.808-1.594-1.038c-0.572-0.222-1.227-0.375-2.185-0.418C14.751,3.01,14.444,3,12,3L12,3z M12,7.378 c-2.552,0-4.622,2.069-4.622,4.622S9.448,16.622,12,16.622s4.622-2.069,4.622-4.622S14.552,7.378,12,7.378z M12,15 c-1.657,0-3-1.343-3-3s1.343-3,3-3s3,1.343,3,3S13.657,15,12,15z M16.804,6.116c-0.596,0-1.08,0.484-1.08,1.08 s0.484,1.08,1.08,1.08c0.596,0,1.08-0.484,1.08-1.08S17.401,6.116,16.804,6.116z\"><\/path><\/svg><span class=\"wp-block-social-link-label\">Instagram<\/span><\/a><\/li><\/ul>\n\n\n\n<p class=\"has-text-align-center has-neve-text-color-color has-text-color has-link-color wp-elements-3a234df62f5d962be1162de55f2ebb73\"><a href=\"https:\/\/aquamaze.hu\/impresszum\/\">Impresszum<\/a><\/p>\n\n\n\n<p class=\"has-text-align-center has-neve-text-color-color has-text-color has-link-color wp-elements-7844e6935342f750c4987c44b80b130e\"><a href=\"https:\/\/aquamaze.hu\/adatkezelesi-tajekoztato\/\">Adatkezel\u00e9si t\u00e1j\u00e9koztat\u00f3<\/a><\/p>\n<\/div>\n\n\n\n<div class=\"wp-block-column is-vertically-aligned-center has-neve-text-color-color has-text-color is-layout-flow wp-block-column-is-layout-flow\" style=\"flex-basis:50%\"><style id=\"wpforms-css-vars-726-block-a7751f74-236d-4661-90cb-e9e36b0ddf8b\">\n\t\t\t\t#wpforms-726.wpforms-block-a7751f74-236d-4661-90cb-e9e36b0ddf8b {\n\t\t\t\t--wpforms-field-border-radius: 5px;\n--wpforms-button-border-radius: 5px;\n--wpforms-field-size-input-height: 43px;\n--wpforms-field-size-input-spacing: 15px;\n--wpforms-field-size-font-size: 16px;\n--wpforms-field-size-line-height: 19px;\n--wpforms-field-size-padding-h: 14px;\n--wpforms-field-size-checkbox-size: 16px;\n--wpforms-field-size-sublabel-spacing: 5px;\n--wpforms-field-size-icon-size: 1;\n--wpforms-label-size-font-size: 16px;\n--wpforms-label-size-line-height: 19px;\n--wpforms-label-size-sublabel-font-size: 14px;\n--wpforms-label-size-sublabel-line-height: 17px;\n--wpforms-button-size-font-size: 17px;\n--wpforms-button-size-height: 41px;\n--wpforms-button-size-padding-h: 15px;\n--wpforms-button-size-margin-top: 10px;\n\t\t\t}\n\t\t\t<\/style><div class=\"wpforms-container wpforms-container-full wpforms-block wpforms-block-a7751f74-236d-4661-90cb-e9e36b0ddf8b wpforms-render-modern\" id=\"wpforms-726\"><form id=\"wpforms-form-726\" class=\"wpforms-validate wpforms-form wpforms-ajax-form\" data-formid=\"726\" method=\"post\" enctype=\"multipart\/form-data\" action=\"\/en\/wp-json\/wp\/v2\/pages\/699\" data-token=\"1ca9540f2f33a664473848b422cfaeb2\" data-token-time=\"1776768252\"><noscript class=\"wpforms-error-noscript\">Please enable JavaScript in your browser to complete this form.<\/noscript><div id=\"wpforms-error-noscript\" style=\"display: none;\">Please enable JavaScript in your browser to complete this form.<\/div><div class=\"wpforms-field-container\"><div id=\"wpforms-726-field_0-container\" class=\"wpforms-field wpforms-field-name\" data-field-id=\"0\"><label class=\"wpforms-field-label\" for=\"wpforms-726-field_0\">N\u00e9v <span class=\"wpforms-required-label\" aria-hidden=\"true\">*<\/span><\/label><input type=\"text\" id=\"wpforms-726-field_0\" class=\"wpforms-field-medium wpforms-field-required\" name=\"wpforms[fields][0]\" aria-errormessage=\"wpforms-726-field_0-error\" required><\/div>\t\t<div id=\"wpforms-726-field_3-container\"\n\t\t\tclass=\"wpforms-field wpforms-field-text\"\n\t\t\tdata-field-type=\"text\"\n\t\t\tdata-field-id=\"3\"\n\t\t\t>\n\t\t\t<label class=\"wpforms-field-label\" for=\"wpforms-726-field_3\" >N\u00e9v \u00dczenet Email<\/label>\n\t\t\t<input type=\"text\" id=\"wpforms-726-field_3\" class=\"wpforms-field-medium\" name=\"wpforms[fields][3]\" >\n\t\t<\/div>\n\t\t<div id=\"wpforms-726-field_1-container\" class=\"wpforms-field wpforms-field-email\" data-field-id=\"1\"><label class=\"wpforms-field-label\" for=\"wpforms-726-field_1\">Email <span class=\"wpforms-required-label\" aria-hidden=\"true\">*<\/span><\/label><input type=\"email\" id=\"wpforms-726-field_1\" class=\"wpforms-field-medium wpforms-field-required\" name=\"wpforms[fields][1]\" spellcheck=\"false\" aria-errormessage=\"wpforms-726-field_1-error\" required><\/div><div id=\"wpforms-726-field_2-container\" class=\"wpforms-field wpforms-field-textarea\" data-field-id=\"2\"><label class=\"wpforms-field-label\" for=\"wpforms-726-field_2\">\u00dczenet <span class=\"wpforms-required-label\" aria-hidden=\"true\">*<\/span><\/label><textarea id=\"wpforms-726-field_2\" class=\"wpforms-field-medium wpforms-field-required\" name=\"wpforms[fields][2]\" aria-errormessage=\"wpforms-726-field_2-error\" required><\/textarea><\/div><script>\n\t\t\t\t( function() {\n\t\t\t\t\tconst style = document.createElement( 'style' );\n\t\t\t\t\tstyle.appendChild( document.createTextNode( '#wpforms-726-field_3-container { position: absolute !important; overflow: hidden !important; display: inline !important; height: 1px !important; width: 1px !important; z-index: -1000 !important; padding: 0 !important; } #wpforms-726-field_3-container input { visibility: hidden; } #wpforms-conversational-form-page #wpforms-726-field_3-container label { counter-increment: none; }' ) );\n\t\t\t\t\tdocument.head.appendChild( style );\n\t\t\t\t\tdocument.currentScript?.remove();\n\t\t\t\t} )();\n\t\t\t<\/script><\/div><!-- .wpforms-field-container --><div class=\"wpforms-recaptcha-container wpforms-is-hcaptcha\" ><div class=\"h-captcha\" data-sitekey=\"60341f25-656e-4b7f-91e3-a397465c7f45\"><\/div><input type=\"text\" name=\"g-recaptcha-hidden\" class=\"wpforms-recaptcha-hidden\" style=\"position:absolute!important;clip:rect(0,0,0,0)!important;height:1px!important;width:1px!important;border:0!important;overflow:hidden!important;padding:0!important;margin:0!important;\" data-rule-hcaptcha=\"1\"><\/div><div class=\"wpforms-submit-container\" ><input type=\"hidden\" name=\"wpforms[id]\" value=\"726\"><input type=\"hidden\" name=\"page_title\" value=\"\"><input type=\"hidden\" name=\"page_url\" value=\"https:\/\/aquamaze.hu\/en\/wp-json\/wp\/v2\/pages\/699\"><input type=\"hidden\" name=\"url_referer\" value=\"\"><button type=\"submit\" name=\"wpforms[submit]\" id=\"wpforms-submit-726\" class=\"wpforms-submit\" data-alt-text=\"K\u00fcld\u00e9s...\" data-submit-text=\"\u00dczenet k\u00fcld\u00e9se\" aria-live=\"assertive\" value=\"wpforms-submit\">\u00dczenet k\u00fcld\u00e9se<\/button><img loading=\"lazy\" decoding=\"async\" src=\"https:\/\/aquamaze.hu\/wp-content\/plugins\/wpforms-lite\/assets\/images\/submit-spin.svg\" class=\"wpforms-submit-spinner\" style=\"display: none;\" width=\"26\" height=\"26\" alt=\"Loading\"><\/div><\/form><\/div>  <!-- .wpforms-container --><\/div>\n<\/div>\n\n\n\n<div style=\"height:50px\" aria-hidden=\"true\" class=\"wp-block-spacer\"><\/div>\n<\/div><\/div>\n<\/div><\/div>\n","protected":false},"excerpt":{"rendered":"","protected":false},"author":1,"featured_media":0,"parent":0,"menu_order":0,"comment_status":"closed","ping_status":"closed","template":"","meta":{"neve_meta_sidebar":"default","neve_meta_container":"","neve_meta_enable_content_width":"on","neve_meta_content_width":100,"neve_meta_title_alignment":"","neve_meta_author_avatar":"","neve_post_elements_order":"","neve_meta_disable_header":"","neve_meta_disable_footer":"","neve_meta_disable_title":"on","neve_meta_reading_time":"","_themeisle_gutenberg_block_has_review":false,"footnotes":""},"class_list":["post-699","page","type-page","status-publish","hentry"],"yoast_head":"<!-- This site is optimized with the Yoast SEO plugin v27.4 - https:\/\/yoast.com\/product\/yoast-seo-wordpress\/ -->\n<title>Aquamaze - Kapcsolat<\/title>\n<meta name=\"description\" content=\"Aqua fitness uszodai szolg\u00e1ltat\u00e1sok ter\u00e9n az AquaMaze Magyarorsz\u00e1gon a legjobb.\" \/>\n<meta name=\"robots\" content=\"index, follow, max-snippet:-1, max-image-preview:large, max-video-preview:-1\" \/>\n<link rel=\"canonical\" href=\"https:\/\/aquamaze.hu\/en\/kapcsolat\/\" \/>\n<meta property=\"og:locale\" content=\"en_GB\" \/>\n<meta property=\"og:type\" content=\"article\" \/>\n<meta property=\"og:title\" content=\"Aquamaze - Kapcsolat\" \/>\n<meta property=\"og:description\" content=\"Aqua fitness uszodai szolg\u00e1ltat\u00e1sok ter\u00e9n az AquaMaze Magyarorsz\u00e1gon a legjobb.\" \/>\n<meta property=\"og:url\" content=\"https:\/\/aquamaze.hu\/en\/kapcsolat\/\" \/>\n<meta property=\"og:site_name\" content=\"Aquamaze\" \/>\n<meta property=\"article:modified_time\" content=\"2025-12-17T10:56:08+00:00\" \/>\n<meta property=\"og:image\" content=\"https:\/\/aquamaze.hu\/wp-content\/uploads\/2023\/10\/site_icon.png\" \/>\n\t<meta property=\"og:image:width\" content=\"750\" \/>\n\t<meta property=\"og:image:height\" content=\"750\" \/>\n\t<meta property=\"og:image:type\" content=\"image\/png\" \/>\n<meta name=\"twitter:card\" content=\"summary_large_image\" \/>\n<meta name=\"twitter:label1\" content=\"Estimated reading time\" \/>\n\t<meta name=\"twitter:data1\" content=\"1 minute\" \/>\n<script type=\"application\/ld+json\" class=\"yoast-schema-graph\">{\"@context\":\"https:\\\/\\\/schema.org\",\"@graph\":[{\"@type\":\"WebPage\",\"@id\":\"https:\\\/\\\/aquamaze.hu\\\/kapcsolat\\\/\",\"url\":\"https:\\\/\\\/aquamaze.hu\\\/kapcsolat\\\/\",\"name\":\"Aquamaze - Kapcsolat\",\"isPartOf\":{\"@id\":\"https:\\\/\\\/aquamaze.hu\\\/#website\"},\"primaryImageOfPage\":{\"@id\":\"https:\\\/\\\/aquamaze.hu\\\/kapcsolat\\\/#primaryimage\"},\"image\":{\"@id\":\"https:\\\/\\\/aquamaze.hu\\\/kapcsolat\\\/#primaryimage\"},\"thumbnailUrl\":\"https:\\\/\\\/aquamaze.hu\\\/wp-content\\\/uploads\\\/2023\\\/10\\\/site_icon-300x300.png\",\"datePublished\":\"2023-09-18T09:54:59+00:00\",\"dateModified\":\"2025-12-17T10:56:08+00:00\",\"description\":\"Aqua fitness uszodai szolg\u00e1ltat\u00e1sok ter\u00e9n az AquaMaze Magyarorsz\u00e1gon a legjobb.\",\"breadcrumb\":{\"@id\":\"https:\\\/\\\/aquamaze.hu\\\/kapcsolat\\\/#breadcrumb\"},\"inLanguage\":\"en-GB\",\"potentialAction\":[{\"@type\":\"ReadAction\",\"target\":[\"https:\\\/\\\/aquamaze.hu\\\/kapcsolat\\\/\"]}]},{\"@type\":\"ImageObject\",\"inLanguage\":\"en-GB\",\"@id\":\"https:\\\/\\\/aquamaze.hu\\\/kapcsolat\\\/#primaryimage\",\"url\":\"https:\\\/\\\/aquamaze.hu\\\/wp-content\\\/uploads\\\/2023\\\/10\\\/site_icon-300x300.png\",\"contentUrl\":\"https:\\\/\\\/aquamaze.hu\\\/wp-content\\\/uploads\\\/2023\\\/10\\\/site_icon-300x300.png\"},{\"@type\":\"BreadcrumbList\",\"@id\":\"https:\\\/\\\/aquamaze.hu\\\/kapcsolat\\\/#breadcrumb\",\"itemListElement\":[{\"@type\":\"ListItem\",\"position\":1,\"name\":\"Home\",\"item\":\"https:\\\/\\\/aquamaze.hu\\\/\"},{\"@type\":\"ListItem\",\"position\":2,\"name\":\"Kapcsolat\"}]},{\"@type\":\"WebSite\",\"@id\":\"https:\\\/\\\/aquamaze.hu\\\/#website\",\"url\":\"https:\\\/\\\/aquamaze.hu\\\/\",\"name\":\"Aquamaze\",\"description\":\"\",\"publisher\":{\"@id\":\"https:\\\/\\\/aquamaze.hu\\\/#organization\"},\"potentialAction\":[{\"@type\":\"SearchAction\",\"target\":{\"@type\":\"EntryPoint\",\"urlTemplate\":\"https:\\\/\\\/aquamaze.hu\\\/?s={search_term_string}\"},\"query-input\":{\"@type\":\"PropertyValueSpecification\",\"valueRequired\":true,\"valueName\":\"search_term_string\"}}],\"inLanguage\":\"en-GB\"},{\"@type\":\"Organization\",\"@id\":\"https:\\\/\\\/aquamaze.hu\\\/#organization\",\"name\":\"Aquamaze\",\"url\":\"https:\\\/\\\/aquamaze.hu\\\/\",\"logo\":{\"@type\":\"ImageObject\",\"inLanguage\":\"en-GB\",\"@id\":\"https:\\\/\\\/aquamaze.hu\\\/#\\\/schema\\\/logo\\\/image\\\/\",\"url\":\"https:\\\/\\\/aquamaze.hu\\\/wp-content\\\/uploads\\\/2023\\\/09\\\/logo-scaled.jpg\",\"contentUrl\":\"https:\\\/\\\/aquamaze.hu\\\/wp-content\\\/uploads\\\/2023\\\/09\\\/logo-scaled.jpg\",\"width\":2560,\"height\":2560,\"caption\":\"Aquamaze\"},\"image\":{\"@id\":\"https:\\\/\\\/aquamaze.hu\\\/#\\\/schema\\\/logo\\\/image\\\/\"}}]}<\/script>\n<!-- \/ Yoast SEO plugin. -->","yoast_head_json":{"title":"Aquamaze - Kapcsolat","description":"Aqua fitness uszodai szolg\u00e1ltat\u00e1sok ter\u00e9n az AquaMaze Magyarorsz\u00e1gon a legjobb.","robots":{"index":"index","follow":"follow","max-snippet":"max-snippet:-1","max-image-preview":"max-image-preview:large","max-video-preview":"max-video-preview:-1"},"canonical":"https:\/\/aquamaze.hu\/en\/kapcsolat\/","og_locale":"en_GB","og_type":"article","og_title":"Aquamaze - Kapcsolat","og_description":"Aqua fitness uszodai szolg\u00e1ltat\u00e1sok ter\u00e9n az AquaMaze Magyarorsz\u00e1gon a legjobb.","og_url":"https:\/\/aquamaze.hu\/en\/kapcsolat\/","og_site_name":"Aquamaze","article_modified_time":"2025-12-17T10:56:08+00:00","og_image":[{"width":750,"height":750,"url":"https:\/\/aquamaze.hu\/wp-content\/uploads\/2023\/10\/site_icon.png","type":"image\/png"}],"twitter_card":"summary_large_image","twitter_misc":{"Estimated reading time":"1 minute"},"schema":{"@context":"https:\/\/schema.org","@graph":[{"@type":"WebPage","@id":"https:\/\/aquamaze.hu\/kapcsolat\/","url":"https:\/\/aquamaze.hu\/kapcsolat\/","name":"Aquamaze - Kapcsolat","isPartOf":{"@id":"https:\/\/aquamaze.hu\/#website"},"primaryImageOfPage":{"@id":"https:\/\/aquamaze.hu\/kapcsolat\/#primaryimage"},"image":{"@id":"https:\/\/aquamaze.hu\/kapcsolat\/#primaryimage"},"thumbnailUrl":"https:\/\/aquamaze.hu\/wp-content\/uploads\/2023\/10\/site_icon-300x300.png","datePublished":"2023-09-18T09:54:59+00:00","dateModified":"2025-12-17T10:56:08+00:00","description":"Aqua fitness uszodai szolg\u00e1ltat\u00e1sok ter\u00e9n az AquaMaze Magyarorsz\u00e1gon a legjobb.","breadcrumb":{"@id":"https:\/\/aquamaze.hu\/kapcsolat\/#breadcrumb"},"inLanguage":"en-GB","potentialAction":[{"@type":"ReadAction","target":["https:\/\/aquamaze.hu\/kapcsolat\/"]}]},{"@type":"ImageObject","inLanguage":"en-GB","@id":"https:\/\/aquamaze.hu\/kapcsolat\/#primaryimage","url":"https:\/\/aquamaze.hu\/wp-content\/uploads\/2023\/10\/site_icon-300x300.png","contentUrl":"https:\/\/aquamaze.hu\/wp-content\/uploads\/2023\/10\/site_icon-300x300.png"},{"@type":"BreadcrumbList","@id":"https:\/\/aquamaze.hu\/kapcsolat\/#breadcrumb","itemListElement":[{"@type":"ListItem","position":1,"name":"Home","item":"https:\/\/aquamaze.hu\/"},{"@type":"ListItem","position":2,"name":"Kapcsolat"}]},{"@type":"WebSite","@id":"https:\/\/aquamaze.hu\/#website","url":"https:\/\/aquamaze.hu\/","name":"Aquamaze","description":"","publisher":{"@id":"https:\/\/aquamaze.hu\/#organization"},"potentialAction":[{"@type":"SearchAction","target":{"@type":"EntryPoint","urlTemplate":"https:\/\/aquamaze.hu\/?s={search_term_string}"},"query-input":{"@type":"PropertyValueSpecification","valueRequired":true,"valueName":"search_term_string"}}],"inLanguage":"en-GB"},{"@type":"Organization","@id":"https:\/\/aquamaze.hu\/#organization","name":"Aquamaze","url":"https:\/\/aquamaze.hu\/","logo":{"@type":"ImageObject","inLanguage":"en-GB","@id":"https:\/\/aquamaze.hu\/#\/schema\/logo\/image\/","url":"https:\/\/aquamaze.hu\/wp-content\/uploads\/2023\/09\/logo-scaled.jpg","contentUrl":"https:\/\/aquamaze.hu\/wp-content\/uploads\/2023\/09\/logo-scaled.jpg","width":2560,"height":2560,"caption":"Aquamaze"},"image":{"@id":"https:\/\/aquamaze.hu\/#\/schema\/logo\/image\/"}}]}},"_links":{"self":[{"href":"https:\/\/aquamaze.hu\/en\/wp-json\/wp\/v2\/pages\/699","targetHints":{"allow":["GET"]}}],"collection":[{"href":"https:\/\/aquamaze.hu\/en\/wp-json\/wp\/v2\/pages"}],"about":[{"href":"https:\/\/aquamaze.hu\/en\/wp-json\/wp\/v2\/types\/page"}],"author":[{"embeddable":true,"href":"https:\/\/aquamaze.hu\/en\/wp-json\/wp\/v2\/users\/1"}],"replies":[{"embeddable":true,"href":"https:\/\/aquamaze.hu\/en\/wp-json\/wp\/v2\/comments?post=699"}],"version-history":[{"count":0,"href":"https:\/\/aquamaze.hu\/en\/wp-json\/wp\/v2\/pages\/699\/revisions"}],"wp:attachment":[{"href":"https:\/\/aquamaze.hu\/en\/wp-json\/wp\/v2\/media?parent=699"}],"curies":[{"name":"wp","href":"https:\/\/api.w.org\/{rel}","templated":true}]}}